{"id":875,"date":"2024-04-23T10:09:29","date_gmt":"2024-04-23T07:09:29","guid":{"rendered":"https:\/\/odl.fi\/tyohyvinvointialastensuojeluun\/?page_id=875"},"modified":"2025-05-05T13:50:05","modified_gmt":"2025-05-05T10:50:05","slug":"helmikuu","status":"publish","type":"page","link":"https:\/\/odl.fi\/tyohyvinvointialastensuojeluun\/helmikuu\/","title":{"rendered":"Helmikuu"},"content":{"rendered":"","protected":false},"excerpt":{"rendered":"","protected":false},"author":14,"featured_media":0,"parent":0,"menu_order":0,"comment_status":"closed","ping_status":"closed","template":"","meta":{"_acf_changed":false,"inline_featured_image":false,"footnotes":""},"class_list":["post-875","page","type-page","status-publish","hentry"],"acf":[],"yoast_head":"<!-- This site is optimized with the Yoast SEO plugin v27.4 - https:\/\/yoast.com\/product\/yoast-seo-wordpress\/ -->\n<title>Ty\u00f6hyvinvointikalenteri - Helmikuu<\/title>\n<meta name=\"description\" content=\"TESSI-hankkeen tavoitteena on edist\u00e4\u00e4 lastensuojelun sijaishuollon ty\u00f6ntekij\u00f6iden hyvinvointia ja ty\u00f6ss\u00e4 jaksamista.\" \/>\n<meta name=\"robots\" content=\"index, follow, max-snippet:-1, max-image-preview:large, max-video-preview:-1\" \/>\n<link rel=\"canonical\" href=\"https:\/\/odl.fi\/tyohyvinvointialastensuojeluun\/helmikuu\/\" \/>\n<meta property=\"og:locale\" content=\"fi_FI\" \/>\n<meta property=\"og:type\" content=\"article\" \/>\n<meta property=\"og:title\" content=\"Ty\u00f6hyvinvointikalenteri - Helmikuu\" \/>\n<meta property=\"og:description\" content=\"TESSI-hankkeen tavoitteena on edist\u00e4\u00e4 lastensuojelun sijaishuollon ty\u00f6ntekij\u00f6iden hyvinvointia ja ty\u00f6ss\u00e4 jaksamista.\" \/>\n<meta property=\"og:url\" content=\"https:\/\/odl.fi\/tyohyvinvointialastensuojeluun\/helmikuu\/\" \/>\n<meta property=\"og:site_name\" content=\"Ty\u00f6hyvinvoinnin edist\u00e4minen sijaishuollossa\" \/>\n<meta property=\"article:modified_time\" content=\"2025-05-05T10:50:05+00:00\" \/>\n<meta name=\"twitter:card\" content=\"summary_large_image\" \/>\n<meta name=\"twitter:label1\" content=\"Arvioitu lukuaika\" \/>\n\t<meta name=\"twitter:data1\" content=\"2 minuuttia\" \/>\n<script type=\"application\/ld+json\" class=\"yoast-schema-graph\">{\"@context\":\"https:\\\/\\\/schema.org\",\"@graph\":[{\"@type\":\"WebPage\",\"@id\":\"https:\\\/\\\/odl.fi\\\/tyohyvinvointialastensuojeluun\\\/helmikuu\\\/\",\"url\":\"https:\\\/\\\/odl.fi\\\/tyohyvinvointialastensuojeluun\\\/helmikuu\\\/\",\"name\":\"Ty\u00f6hyvinvointikalenteri - Helmikuu\",\"isPartOf\":{\"@id\":\"https:\\\/\\\/odl.fi\\\/tyohyvinvointialastensuojeluun\\\/#website\"},\"datePublished\":\"2024-04-23T07:09:29+00:00\",\"dateModified\":\"2025-05-05T10:50:05+00:00\",\"description\":\"TESSI-hankkeen tavoitteena on edist\u00e4\u00e4 lastensuojelun sijaishuollon ty\u00f6ntekij\u00f6iden hyvinvointia ja ty\u00f6ss\u00e4 jaksamista.\",\"breadcrumb\":{\"@id\":\"https:\\\/\\\/odl.fi\\\/tyohyvinvointialastensuojeluun\\\/helmikuu\\\/#breadcrumb\"},\"inLanguage\":\"fi\",\"potentialAction\":[{\"@type\":\"ReadAction\",\"target\":[\"https:\\\/\\\/odl.fi\\\/tyohyvinvointialastensuojeluun\\\/helmikuu\\\/\"]}]},{\"@type\":\"BreadcrumbList\",\"@id\":\"https:\\\/\\\/odl.fi\\\/tyohyvinvointialastensuojeluun\\\/helmikuu\\\/#breadcrumb\",\"itemListElement\":[{\"@type\":\"ListItem\",\"position\":1,\"name\":\"Home\",\"item\":\"https:\\\/\\\/odl.fi\\\/tyohyvinvointialastensuojeluun\\\/\"},{\"@type\":\"ListItem\",\"position\":2,\"name\":\"Helmikuu\"}]},{\"@type\":\"WebSite\",\"@id\":\"https:\\\/\\\/odl.fi\\\/tyohyvinvointialastensuojeluun\\\/#website\",\"url\":\"https:\\\/\\\/odl.fi\\\/tyohyvinvointialastensuojeluun\\\/\",\"name\":\"Ty\u00f6hyvinvoinnin edist\u00e4minen sijaishuollossa\",\"description\":\"\",\"potentialAction\":[{\"@type\":\"SearchAction\",\"target\":{\"@type\":\"EntryPoint\",\"urlTemplate\":\"https:\\\/\\\/odl.fi\\\/tyohyvinvointialastensuojeluun\\\/?s={search_term_string}\"},\"query-input\":{\"@type\":\"PropertyValueSpecification\",\"valueRequired\":true,\"valueName\":\"search_term_string\"}}],\"inLanguage\":\"fi\"}]}<\/script>\n<!-- \/ Yoast SEO plugin. -->","yoast_head_json":{"title":"Ty\u00f6hyvinvointikalenteri - Helmikuu","description":"TESSI-hankkeen tavoitteena on edist\u00e4\u00e4 lastensuojelun sijaishuollon ty\u00f6ntekij\u00f6iden hyvinvointia ja ty\u00f6ss\u00e4 jaksamista.","robots":{"index":"index","follow":"follow","max-snippet":"max-snippet:-1","max-image-preview":"max-image-preview:large","max-video-preview":"max-video-preview:-1"},"canonical":"https:\/\/odl.fi\/tyohyvinvointialastensuojeluun\/helmikuu\/","og_locale":"fi_FI","og_type":"article","og_title":"Ty\u00f6hyvinvointikalenteri - Helmikuu","og_description":"TESSI-hankkeen tavoitteena on edist\u00e4\u00e4 lastensuojelun sijaishuollon ty\u00f6ntekij\u00f6iden hyvinvointia ja ty\u00f6ss\u00e4 jaksamista.","og_url":"https:\/\/odl.fi\/tyohyvinvointialastensuojeluun\/helmikuu\/","og_site_name":"Ty\u00f6hyvinvoinnin edist\u00e4minen sijaishuollossa","article_modified_time":"2025-05-05T10:50:05+00:00","twitter_card":"summary_large_image","twitter_misc":{"Arvioitu lukuaika":"2 minuuttia"},"schema":{"@context":"https:\/\/schema.org","@graph":[{"@type":"WebPage","@id":"https:\/\/odl.fi\/tyohyvinvointialastensuojeluun\/helmikuu\/","url":"https:\/\/odl.fi\/tyohyvinvointialastensuojeluun\/helmikuu\/","name":"Ty\u00f6hyvinvointikalenteri - Helmikuu","isPartOf":{"@id":"https:\/\/odl.fi\/tyohyvinvointialastensuojeluun\/#website"},"datePublished":"2024-04-23T07:09:29+00:00","dateModified":"2025-05-05T10:50:05+00:00","description":"TESSI-hankkeen tavoitteena on edist\u00e4\u00e4 lastensuojelun sijaishuollon ty\u00f6ntekij\u00f6iden hyvinvointia ja ty\u00f6ss\u00e4 jaksamista.","breadcrumb":{"@id":"https:\/\/odl.fi\/tyohyvinvointialastensuojeluun\/helmikuu\/#breadcrumb"},"inLanguage":"fi","potentialAction":[{"@type":"ReadAction","target":["https:\/\/odl.fi\/tyohyvinvointialastensuojeluun\/helmikuu\/"]}]},{"@type":"BreadcrumbList","@id":"https:\/\/odl.fi\/tyohyvinvointialastensuojeluun\/helmikuu\/#breadcrumb","itemListElement":[{"@type":"ListItem","position":1,"name":"Home","item":"https:\/\/odl.fi\/tyohyvinvointialastensuojeluun\/"},{"@type":"ListItem","position":2,"name":"Helmikuu"}]},{"@type":"WebSite","@id":"https:\/\/odl.fi\/tyohyvinvointialastensuojeluun\/#website","url":"https:\/\/odl.fi\/tyohyvinvointialastensuojeluun\/","name":"Ty\u00f6hyvinvoinnin edist\u00e4minen sijaishuollossa","description":"","potentialAction":[{"@type":"SearchAction","target":{"@type":"EntryPoint","urlTemplate":"https:\/\/odl.fi\/tyohyvinvointialastensuojeluun\/?s={search_term_string}"},"query-input":{"@type":"PropertyValueSpecification","valueRequired":true,"valueName":"search_term_string"}}],"inLanguage":"fi"}]}},"_links":{"self":[{"href":"https:\/\/odl.fi\/tyohyvinvointialastensuojeluun\/wp-json\/wp\/v2\/pages\/875","targetHints":{"allow":["GET"]}}],"collection":[{"href":"https:\/\/odl.fi\/tyohyvinvointialastensuojeluun\/wp-json\/wp\/v2\/pages"}],"about":[{"href":"https:\/\/odl.fi\/tyohyvinvointialastensuojeluun\/wp-json\/wp\/v2\/types\/page"}],"author":[{"embeddable":true,"href":"https:\/\/odl.fi\/tyohyvinvointialastensuojeluun\/wp-json\/wp\/v2\/users\/14"}],"replies":[{"embeddable":true,"href":"https:\/\/odl.fi\/tyohyvinvointialastensuojeluun\/wp-json\/wp\/v2\/comments?post=875"}],"version-history":[{"count":27,"href":"https:\/\/odl.fi\/tyohyvinvointialastensuojeluun\/wp-json\/wp\/v2\/pages\/875\/revisions"}],"predecessor-version":[{"id":1546,"href":"https:\/\/odl.fi\/tyohyvinvointialastensuojeluun\/wp-json\/wp\/v2\/pages\/875\/revisions\/1546"}],"wp:attachment":[{"href":"https:\/\/odl.fi\/tyohyvinvointialastensuojeluun\/wp-json\/wp\/v2\/media?parent=875"}],"curies":[{"name":"wp","href":"https:\/\/api.w.org\/{rel}","templated":true}]}}