{"id":5,"date":"2024-03-13T10:00:19","date_gmt":"2024-03-13T08:00:19","guid":{"rendered":"https:\/\/odl.fi\/tyohyvinvointialastensuojeluun\/?page_id=5"},"modified":"2026-04-13T12:43:12","modified_gmt":"2026-04-13T09:43:12","slug":"tyohyvinvoinnin-edistaminen-sijaishuollossa","status":"publish","type":"page","link":"https:\/\/odl.fi\/tyohyvinvointialastensuojeluun\/","title":{"rendered":"Etusivu"},"content":{"rendered":"","protected":false},"excerpt":{"rendered":"","protected":false},"author":14,"featured_media":0,"parent":0,"menu_order":0,"comment_status":"closed","ping_status":"closed","template":"","meta":{"_acf_changed":false,"inline_featured_image":false,"footnotes":""},"class_list":["post-5","page","type-page","status-publish","hentry"],"acf":[],"yoast_head":"<!-- This site is optimized with the Yoast SEO plugin v27.1.1 - https:\/\/yoast.com\/product\/yoast-seo-wordpress\/ -->\n<title>Ty\u00f6hyvinvointia lastensuojeluun<\/title>\n<meta name=\"description\" content=\"Tavoitteena on lastensuojelun sijaishuollon ty\u00f6ntekij\u00f6iden hyvinvoinnin ja jaksamisen parantaminen edist\u00e4m\u00e4ll\u00e4 terveellisi\u00e4 elintapoja ja mielen hyvinvointia.\" \/>\n<meta name=\"robots\" content=\"index, follow, max-snippet:-1, max-image-preview:large, max-video-preview:-1\" \/>\n<link rel=\"canonical\" href=\"https:\/\/odl.fi\/tyohyvinvointialastensuojeluun\/\" \/>\n<meta property=\"og:locale\" content=\"fi_FI\" \/>\n<meta property=\"og:type\" content=\"article\" \/>\n<meta property=\"og:title\" content=\"Ty\u00f6hyvinvointia lastensuojeluun\" \/>\n<meta property=\"og:description\" content=\"Tavoitteena on lastensuojelun sijaishuollon ty\u00f6ntekij\u00f6iden hyvinvoinnin ja jaksamisen parantaminen edist\u00e4m\u00e4ll\u00e4 terveellisi\u00e4 elintapoja ja mielen hyvinvointia.\" \/>\n<meta property=\"og:url\" content=\"https:\/\/odl.fi\/tyohyvinvointialastensuojeluun\/\" \/>\n<meta property=\"og:site_name\" content=\"Ty\u00f6hyvinvoinnin edist\u00e4minen sijaishuollossa\" \/>\n<meta property=\"article:modified_time\" content=\"2026-04-13T09:43:12+00:00\" \/>\n<meta property=\"og:image\" content=\"https:\/\/odl.fi\/tyohyvinvointialastensuojeluun\/wp-content\/uploads\/sites\/7\/2024\/03\/cropped-Identiteetti-kuva.png\" \/>\n\t<meta property=\"og:image:width\" content=\"512\" \/>\n\t<meta property=\"og:image:height\" content=\"512\" \/>\n\t<meta property=\"og:image:type\" content=\"image\/png\" \/>\n<meta name=\"twitter:card\" content=\"summary_large_image\" \/>\n<meta name=\"twitter:label1\" content=\"Arvioitu lukuaika\" \/>\n\t<meta name=\"twitter:data1\" content=\"2 minuuttia\" \/>\n<script type=\"application\/ld+json\" class=\"yoast-schema-graph\">{\"@context\":\"https:\/\/schema.org\",\"@graph\":[{\"@type\":\"WebPage\",\"@id\":\"https:\/\/odl.fi\/tyohyvinvointialastensuojeluun\/\",\"url\":\"https:\/\/odl.fi\/tyohyvinvointialastensuojeluun\/\",\"name\":\"Ty\u00f6hyvinvointia lastensuojeluun\",\"isPartOf\":{\"@id\":\"https:\/\/odl.fi\/tyohyvinvointialastensuojeluun\/#website\"},\"datePublished\":\"2024-03-13T08:00:19+00:00\",\"dateModified\":\"2026-04-13T09:43:12+00:00\",\"description\":\"Tavoitteena on lastensuojelun sijaishuollon ty\u00f6ntekij\u00f6iden hyvinvoinnin ja jaksamisen parantaminen edist\u00e4m\u00e4ll\u00e4 terveellisi\u00e4 elintapoja ja mielen hyvinvointia.\",\"breadcrumb\":{\"@id\":\"https:\/\/odl.fi\/tyohyvinvointialastensuojeluun\/#breadcrumb\"},\"inLanguage\":\"fi\",\"potentialAction\":[{\"@type\":\"ReadAction\",\"target\":[\"https:\/\/odl.fi\/tyohyvinvointialastensuojeluun\/\"]}]},{\"@type\":\"BreadcrumbList\",\"@id\":\"https:\/\/odl.fi\/tyohyvinvointialastensuojeluun\/#breadcrumb\",\"itemListElement\":[{\"@type\":\"ListItem\",\"position\":1,\"name\":\"Home\",\"item\":\"https:\/\/odl.fi\/tyohyvinvointialastensuojeluun\/\"},{\"@type\":\"ListItem\",\"position\":2,\"name\":\"Etusivu\"}]},{\"@type\":\"WebSite\",\"@id\":\"https:\/\/odl.fi\/tyohyvinvointialastensuojeluun\/#website\",\"url\":\"https:\/\/odl.fi\/tyohyvinvointialastensuojeluun\/\",\"name\":\"Ty\u00f6hyvinvoinnin edist\u00e4minen sijaishuollossa\",\"description\":\"\",\"potentialAction\":[{\"@type\":\"SearchAction\",\"target\":{\"@type\":\"EntryPoint\",\"urlTemplate\":\"https:\/\/odl.fi\/tyohyvinvointialastensuojeluun\/?s={search_term_string}\"},\"query-input\":{\"@type\":\"PropertyValueSpecification\",\"valueRequired\":true,\"valueName\":\"search_term_string\"}}],\"inLanguage\":\"fi\"}]}<\/script>\n<!-- \/ Yoast SEO plugin. -->","yoast_head_json":{"title":"Ty\u00f6hyvinvointia lastensuojeluun","description":"Tavoitteena on lastensuojelun sijaishuollon ty\u00f6ntekij\u00f6iden hyvinvoinnin ja jaksamisen parantaminen edist\u00e4m\u00e4ll\u00e4 terveellisi\u00e4 elintapoja ja mielen hyvinvointia.","robots":{"index":"index","follow":"follow","max-snippet":"max-snippet:-1","max-image-preview":"max-image-preview:large","max-video-preview":"max-video-preview:-1"},"canonical":"https:\/\/odl.fi\/tyohyvinvointialastensuojeluun\/","og_locale":"fi_FI","og_type":"article","og_title":"Ty\u00f6hyvinvointia lastensuojeluun","og_description":"Tavoitteena on lastensuojelun sijaishuollon ty\u00f6ntekij\u00f6iden hyvinvoinnin ja jaksamisen parantaminen edist\u00e4m\u00e4ll\u00e4 terveellisi\u00e4 elintapoja ja mielen hyvinvointia.","og_url":"https:\/\/odl.fi\/tyohyvinvointialastensuojeluun\/","og_site_name":"Ty\u00f6hyvinvoinnin edist\u00e4minen sijaishuollossa","article_modified_time":"2026-04-13T09:43:12+00:00","og_image":[{"width":512,"height":512,"url":"https:\/\/odl.fi\/tyohyvinvointialastensuojeluun\/wp-content\/uploads\/sites\/7\/2024\/03\/cropped-Identiteetti-kuva.png","type":"image\/png"}],"twitter_card":"summary_large_image","twitter_misc":{"Arvioitu lukuaika":"2 minuuttia"},"schema":{"@context":"https:\/\/schema.org","@graph":[{"@type":"WebPage","@id":"https:\/\/odl.fi\/tyohyvinvointialastensuojeluun\/","url":"https:\/\/odl.fi\/tyohyvinvointialastensuojeluun\/","name":"Ty\u00f6hyvinvointia lastensuojeluun","isPartOf":{"@id":"https:\/\/odl.fi\/tyohyvinvointialastensuojeluun\/#website"},"datePublished":"2024-03-13T08:00:19+00:00","dateModified":"2026-04-13T09:43:12+00:00","description":"Tavoitteena on lastensuojelun sijaishuollon ty\u00f6ntekij\u00f6iden hyvinvoinnin ja jaksamisen parantaminen edist\u00e4m\u00e4ll\u00e4 terveellisi\u00e4 elintapoja ja mielen hyvinvointia.","breadcrumb":{"@id":"https:\/\/odl.fi\/tyohyvinvointialastensuojeluun\/#breadcrumb"},"inLanguage":"fi","potentialAction":[{"@type":"ReadAction","target":["https:\/\/odl.fi\/tyohyvinvointialastensuojeluun\/"]}]},{"@type":"BreadcrumbList","@id":"https:\/\/odl.fi\/tyohyvinvointialastensuojeluun\/#breadcrumb","itemListElement":[{"@type":"ListItem","position":1,"name":"Home","item":"https:\/\/odl.fi\/tyohyvinvointialastensuojeluun\/"},{"@type":"ListItem","position":2,"name":"Etusivu"}]},{"@type":"WebSite","@id":"https:\/\/odl.fi\/tyohyvinvointialastensuojeluun\/#website","url":"https:\/\/odl.fi\/tyohyvinvointialastensuojeluun\/","name":"Ty\u00f6hyvinvoinnin edist\u00e4minen sijaishuollossa","description":"","potentialAction":[{"@type":"SearchAction","target":{"@type":"EntryPoint","urlTemplate":"https:\/\/odl.fi\/tyohyvinvointialastensuojeluun\/?s={search_term_string}"},"query-input":{"@type":"PropertyValueSpecification","valueRequired":true,"valueName":"search_term_string"}}],"inLanguage":"fi"}]}},"_links":{"self":[{"href":"https:\/\/odl.fi\/tyohyvinvointialastensuojeluun\/wp-json\/wp\/v2\/pages\/5","targetHints":{"allow":["GET"]}}],"collection":[{"href":"https:\/\/odl.fi\/tyohyvinvointialastensuojeluun\/wp-json\/wp\/v2\/pages"}],"about":[{"href":"https:\/\/odl.fi\/tyohyvinvointialastensuojeluun\/wp-json\/wp\/v2\/types\/page"}],"author":[{"embeddable":true,"href":"https:\/\/odl.fi\/tyohyvinvointialastensuojeluun\/wp-json\/wp\/v2\/users\/14"}],"replies":[{"embeddable":true,"href":"https:\/\/odl.fi\/tyohyvinvointialastensuojeluun\/wp-json\/wp\/v2\/comments?post=5"}],"version-history":[{"count":30,"href":"https:\/\/odl.fi\/tyohyvinvointialastensuojeluun\/wp-json\/wp\/v2\/pages\/5\/revisions"}],"predecessor-version":[{"id":1729,"href":"https:\/\/odl.fi\/tyohyvinvointialastensuojeluun\/wp-json\/wp\/v2\/pages\/5\/revisions\/1729"}],"wp:attachment":[{"href":"https:\/\/odl.fi\/tyohyvinvointialastensuojeluun\/wp-json\/wp\/v2\/media?parent=5"}],"curies":[{"name":"wp","href":"https:\/\/api.w.org\/{rel}","templated":true}]}}