{"id":159,"date":"2024-03-25T09:11:26","date_gmt":"2024-03-25T07:11:26","guid":{"rendered":"https:\/\/odl.fi\/tyohyvinvointialastensuojeluun\/?page_id=159"},"modified":"2026-04-13T15:34:38","modified_gmt":"2026-04-13T12:34:38","slug":"julkaisut-blogit","status":"publish","type":"page","link":"https:\/\/odl.fi\/tyohyvinvointialastensuojeluun\/julkaisut-blogit\/","title":{"rendered":"Julkaisut ja blogit"},"content":{"rendered":"","protected":false},"excerpt":{"rendered":"","protected":false},"author":28,"featured_media":0,"parent":0,"menu_order":0,"comment_status":"closed","ping_status":"closed","template":"","meta":{"_acf_changed":false,"inline_featured_image":false,"footnotes":""},"class_list":["post-159","page","type-page","status-publish","hentry"],"acf":[],"yoast_head":"<!-- This site is optimized with the Yoast SEO plugin v27.4 - https:\/\/yoast.com\/product\/yoast-seo-wordpress\/ -->\n<title>Julkaisut ja blogit - Ty\u00f6hyvinvoinnin edist\u00e4minen sijaishuollossa<\/title>\n<meta name=\"description\" content=\"Sivulla julkaistaan ajattomia blogikirjoituksia lastensuojelun sijaishuollon ty\u00f6ntekij\u00f6iden ty\u00f6hyvinvoinnista. Lue lis\u00e4\u00e4!\" \/>\n<meta name=\"robots\" content=\"index, follow, max-snippet:-1, max-image-preview:large, max-video-preview:-1\" \/>\n<link rel=\"canonical\" href=\"https:\/\/odl.fi\/tyohyvinvointialastensuojeluun\/julkaisut-blogit\/\" \/>\n<meta property=\"og:locale\" content=\"fi_FI\" \/>\n<meta property=\"og:type\" content=\"article\" \/>\n<meta property=\"og:title\" content=\"Julkaisut ja blogit - Ty\u00f6hyvinvoinnin edist\u00e4minen sijaishuollossa\" \/>\n<meta property=\"og:description\" content=\"Sivulla julkaistaan ajattomia blogikirjoituksia lastensuojelun sijaishuollon ty\u00f6ntekij\u00f6iden ty\u00f6hyvinvoinnista. Lue lis\u00e4\u00e4!\" \/>\n<meta property=\"og:url\" content=\"https:\/\/odl.fi\/tyohyvinvointialastensuojeluun\/julkaisut-blogit\/\" \/>\n<meta property=\"og:site_name\" content=\"Ty\u00f6hyvinvoinnin edist\u00e4minen sijaishuollossa\" \/>\n<meta property=\"article:modified_time\" content=\"2026-04-13T12:34:38+00:00\" \/>\n<meta name=\"twitter:card\" content=\"summary_large_image\" \/>\n<meta name=\"twitter:label1\" content=\"Arvioitu lukuaika\" \/>\n\t<meta name=\"twitter:data1\" content=\"5 minuuttia\" \/>\n<script type=\"application\/ld+json\" class=\"yoast-schema-graph\">{\"@context\":\"https:\\\/\\\/schema.org\",\"@graph\":[{\"@type\":\"WebPage\",\"@id\":\"https:\\\/\\\/odl.fi\\\/tyohyvinvointialastensuojeluun\\\/julkaisut-blogit\\\/\",\"url\":\"https:\\\/\\\/odl.fi\\\/tyohyvinvointialastensuojeluun\\\/julkaisut-blogit\\\/\",\"name\":\"Julkaisut ja blogit - Ty\u00f6hyvinvoinnin edist\u00e4minen sijaishuollossa\",\"isPartOf\":{\"@id\":\"https:\\\/\\\/odl.fi\\\/tyohyvinvointialastensuojeluun\\\/#website\"},\"datePublished\":\"2024-03-25T07:11:26+00:00\",\"dateModified\":\"2026-04-13T12:34:38+00:00\",\"description\":\"Sivulla julkaistaan ajattomia blogikirjoituksia lastensuojelun sijaishuollon ty\u00f6ntekij\u00f6iden ty\u00f6hyvinvoinnista. Lue lis\u00e4\u00e4!\",\"breadcrumb\":{\"@id\":\"https:\\\/\\\/odl.fi\\\/tyohyvinvointialastensuojeluun\\\/julkaisut-blogit\\\/#breadcrumb\"},\"inLanguage\":\"fi\",\"potentialAction\":[{\"@type\":\"ReadAction\",\"target\":[\"https:\\\/\\\/odl.fi\\\/tyohyvinvointialastensuojeluun\\\/julkaisut-blogit\\\/\"]}]},{\"@type\":\"BreadcrumbList\",\"@id\":\"https:\\\/\\\/odl.fi\\\/tyohyvinvointialastensuojeluun\\\/julkaisut-blogit\\\/#breadcrumb\",\"itemListElement\":[{\"@type\":\"ListItem\",\"position\":1,\"name\":\"Home\",\"item\":\"https:\\\/\\\/odl.fi\\\/tyohyvinvointialastensuojeluun\\\/\"},{\"@type\":\"ListItem\",\"position\":2,\"name\":\"Julkaisut ja blogit\"}]},{\"@type\":\"WebSite\",\"@id\":\"https:\\\/\\\/odl.fi\\\/tyohyvinvointialastensuojeluun\\\/#website\",\"url\":\"https:\\\/\\\/odl.fi\\\/tyohyvinvointialastensuojeluun\\\/\",\"name\":\"Ty\u00f6hyvinvoinnin edist\u00e4minen sijaishuollossa\",\"description\":\"\",\"potentialAction\":[{\"@type\":\"SearchAction\",\"target\":{\"@type\":\"EntryPoint\",\"urlTemplate\":\"https:\\\/\\\/odl.fi\\\/tyohyvinvointialastensuojeluun\\\/?s={search_term_string}\"},\"query-input\":{\"@type\":\"PropertyValueSpecification\",\"valueRequired\":true,\"valueName\":\"search_term_string\"}}],\"inLanguage\":\"fi\"}]}<\/script>\n<!-- \/ Yoast SEO plugin. -->","yoast_head_json":{"title":"Julkaisut ja blogit - Ty\u00f6hyvinvoinnin edist\u00e4minen sijaishuollossa","description":"Sivulla julkaistaan ajattomia blogikirjoituksia lastensuojelun sijaishuollon ty\u00f6ntekij\u00f6iden ty\u00f6hyvinvoinnista. Lue lis\u00e4\u00e4!","robots":{"index":"index","follow":"follow","max-snippet":"max-snippet:-1","max-image-preview":"max-image-preview:large","max-video-preview":"max-video-preview:-1"},"canonical":"https:\/\/odl.fi\/tyohyvinvointialastensuojeluun\/julkaisut-blogit\/","og_locale":"fi_FI","og_type":"article","og_title":"Julkaisut ja blogit - Ty\u00f6hyvinvoinnin edist\u00e4minen sijaishuollossa","og_description":"Sivulla julkaistaan ajattomia blogikirjoituksia lastensuojelun sijaishuollon ty\u00f6ntekij\u00f6iden ty\u00f6hyvinvoinnista. Lue lis\u00e4\u00e4!","og_url":"https:\/\/odl.fi\/tyohyvinvointialastensuojeluun\/julkaisut-blogit\/","og_site_name":"Ty\u00f6hyvinvoinnin edist\u00e4minen sijaishuollossa","article_modified_time":"2026-04-13T12:34:38+00:00","twitter_card":"summary_large_image","twitter_misc":{"Arvioitu lukuaika":"5 minuuttia"},"schema":{"@context":"https:\/\/schema.org","@graph":[{"@type":"WebPage","@id":"https:\/\/odl.fi\/tyohyvinvointialastensuojeluun\/julkaisut-blogit\/","url":"https:\/\/odl.fi\/tyohyvinvointialastensuojeluun\/julkaisut-blogit\/","name":"Julkaisut ja blogit - Ty\u00f6hyvinvoinnin edist\u00e4minen sijaishuollossa","isPartOf":{"@id":"https:\/\/odl.fi\/tyohyvinvointialastensuojeluun\/#website"},"datePublished":"2024-03-25T07:11:26+00:00","dateModified":"2026-04-13T12:34:38+00:00","description":"Sivulla julkaistaan ajattomia blogikirjoituksia lastensuojelun sijaishuollon ty\u00f6ntekij\u00f6iden ty\u00f6hyvinvoinnista. Lue lis\u00e4\u00e4!","breadcrumb":{"@id":"https:\/\/odl.fi\/tyohyvinvointialastensuojeluun\/julkaisut-blogit\/#breadcrumb"},"inLanguage":"fi","potentialAction":[{"@type":"ReadAction","target":["https:\/\/odl.fi\/tyohyvinvointialastensuojeluun\/julkaisut-blogit\/"]}]},{"@type":"BreadcrumbList","@id":"https:\/\/odl.fi\/tyohyvinvointialastensuojeluun\/julkaisut-blogit\/#breadcrumb","itemListElement":[{"@type":"ListItem","position":1,"name":"Home","item":"https:\/\/odl.fi\/tyohyvinvointialastensuojeluun\/"},{"@type":"ListItem","position":2,"name":"Julkaisut ja blogit"}]},{"@type":"WebSite","@id":"https:\/\/odl.fi\/tyohyvinvointialastensuojeluun\/#website","url":"https:\/\/odl.fi\/tyohyvinvointialastensuojeluun\/","name":"Ty\u00f6hyvinvoinnin edist\u00e4minen sijaishuollossa","description":"","potentialAction":[{"@type":"SearchAction","target":{"@type":"EntryPoint","urlTemplate":"https:\/\/odl.fi\/tyohyvinvointialastensuojeluun\/?s={search_term_string}"},"query-input":{"@type":"PropertyValueSpecification","valueRequired":true,"valueName":"search_term_string"}}],"inLanguage":"fi"}]}},"_links":{"self":[{"href":"https:\/\/odl.fi\/tyohyvinvointialastensuojeluun\/wp-json\/wp\/v2\/pages\/159","targetHints":{"allow":["GET"]}}],"collection":[{"href":"https:\/\/odl.fi\/tyohyvinvointialastensuojeluun\/wp-json\/wp\/v2\/pages"}],"about":[{"href":"https:\/\/odl.fi\/tyohyvinvointialastensuojeluun\/wp-json\/wp\/v2\/types\/page"}],"author":[{"embeddable":true,"href":"https:\/\/odl.fi\/tyohyvinvointialastensuojeluun\/wp-json\/wp\/v2\/users\/28"}],"replies":[{"embeddable":true,"href":"https:\/\/odl.fi\/tyohyvinvointialastensuojeluun\/wp-json\/wp\/v2\/comments?post=159"}],"version-history":[{"count":30,"href":"https:\/\/odl.fi\/tyohyvinvointialastensuojeluun\/wp-json\/wp\/v2\/pages\/159\/revisions"}],"predecessor-version":[{"id":1733,"href":"https:\/\/odl.fi\/tyohyvinvointialastensuojeluun\/wp-json\/wp\/v2\/pages\/159\/revisions\/1733"}],"wp:attachment":[{"href":"https:\/\/odl.fi\/tyohyvinvointialastensuojeluun\/wp-json\/wp\/v2\/media?parent=159"}],"curies":[{"name":"wp","href":"https:\/\/api.w.org\/{rel}","templated":true}]}}