{"id":1186,"date":"2024-09-05T09:36:37","date_gmt":"2024-09-05T06:36:37","guid":{"rendered":"https:\/\/odl.fi\/tyohyvinvointialastensuojeluun\/?page_id=1186"},"modified":"2024-09-05T09:36:37","modified_gmt":"2024-09-05T06:36:37","slug":"menetelmat","status":"publish","type":"page","link":"https:\/\/odl.fi\/tyohyvinvointialastensuojeluun\/menetelmat\/","title":{"rendered":"Menetelm\u00e4t\/ Ty\u00f6hyvinvointi materiaalit"},"content":{"rendered":"","protected":false},"excerpt":{"rendered":"","protected":false},"author":14,"featured_media":0,"parent":0,"menu_order":0,"comment_status":"closed","ping_status":"closed","template":"","meta":{"_acf_changed":false,"inline_featured_image":false,"footnotes":""},"class_list":["post-1186","page","type-page","status-publish","hentry"],"acf":[],"yoast_head":"<!-- This site is optimized with the Yoast SEO plugin v27.4 - https:\/\/yoast.com\/product\/yoast-seo-wordpress\/ -->\n<title>Menetelm\u00e4t\/ Ty\u00f6hyvinvointi materiaalit - Ty\u00f6hyvinvoinnin edist\u00e4minen sijaishuollossa<\/title>\n<meta name=\"robots\" content=\"index, follow, max-snippet:-1, max-image-preview:large, max-video-preview:-1\" \/>\n<link rel=\"canonical\" href=\"https:\/\/odl.fi\/tyohyvinvointialastensuojeluun\/menetelmat\/\" \/>\n<meta property=\"og:locale\" content=\"fi_FI\" \/>\n<meta property=\"og:type\" content=\"article\" \/>\n<meta property=\"og:title\" content=\"Menetelm\u00e4t\/ Ty\u00f6hyvinvointi materiaalit - Ty\u00f6hyvinvoinnin edist\u00e4minen sijaishuollossa\" \/>\n<meta property=\"og:url\" content=\"https:\/\/odl.fi\/tyohyvinvointialastensuojeluun\/menetelmat\/\" \/>\n<meta property=\"og:site_name\" content=\"Ty\u00f6hyvinvoinnin edist\u00e4minen sijaishuollossa\" \/>\n<meta name=\"twitter:card\" content=\"summary_large_image\" \/>\n<meta name=\"twitter:label1\" content=\"Arvioitu lukuaika\" \/>\n\t<meta name=\"twitter:data1\" content=\"1 minuutti\" \/>\n<script type=\"application\/ld+json\" class=\"yoast-schema-graph\">{\"@context\":\"https:\\\/\\\/schema.org\",\"@graph\":[{\"@type\":\"WebPage\",\"@id\":\"https:\\\/\\\/odl.fi\\\/tyohyvinvointialastensuojeluun\\\/menetelmat\\\/\",\"url\":\"https:\\\/\\\/odl.fi\\\/tyohyvinvointialastensuojeluun\\\/menetelmat\\\/\",\"name\":\"Menetelm\u00e4t\\\/ Ty\u00f6hyvinvointi materiaalit - Ty\u00f6hyvinvoinnin edist\u00e4minen sijaishuollossa\",\"isPartOf\":{\"@id\":\"https:\\\/\\\/odl.fi\\\/tyohyvinvointialastensuojeluun\\\/#website\"},\"datePublished\":\"2024-09-05T06:36:37+00:00\",\"breadcrumb\":{\"@id\":\"https:\\\/\\\/odl.fi\\\/tyohyvinvointialastensuojeluun\\\/menetelmat\\\/#breadcrumb\"},\"inLanguage\":\"fi\",\"potentialAction\":[{\"@type\":\"ReadAction\",\"target\":[\"https:\\\/\\\/odl.fi\\\/tyohyvinvointialastensuojeluun\\\/menetelmat\\\/\"]}]},{\"@type\":\"BreadcrumbList\",\"@id\":\"https:\\\/\\\/odl.fi\\\/tyohyvinvointialastensuojeluun\\\/menetelmat\\\/#breadcrumb\",\"itemListElement\":[{\"@type\":\"ListItem\",\"position\":1,\"name\":\"Home\",\"item\":\"https:\\\/\\\/odl.fi\\\/tyohyvinvointialastensuojeluun\\\/\"},{\"@type\":\"ListItem\",\"position\":2,\"name\":\"Menetelm\u00e4t\\\/ Ty\u00f6hyvinvointi materiaalit\"}]},{\"@type\":\"WebSite\",\"@id\":\"https:\\\/\\\/odl.fi\\\/tyohyvinvointialastensuojeluun\\\/#website\",\"url\":\"https:\\\/\\\/odl.fi\\\/tyohyvinvointialastensuojeluun\\\/\",\"name\":\"Ty\u00f6hyvinvoinnin edist\u00e4minen sijaishuollossa\",\"description\":\"\",\"potentialAction\":[{\"@type\":\"SearchAction\",\"target\":{\"@type\":\"EntryPoint\",\"urlTemplate\":\"https:\\\/\\\/odl.fi\\\/tyohyvinvointialastensuojeluun\\\/?s={search_term_string}\"},\"query-input\":{\"@type\":\"PropertyValueSpecification\",\"valueRequired\":true,\"valueName\":\"search_term_string\"}}],\"inLanguage\":\"fi\"}]}<\/script>\n<!-- \/ Yoast SEO plugin. -->","yoast_head_json":{"title":"Menetelm\u00e4t\/ Ty\u00f6hyvinvointi materiaalit - Ty\u00f6hyvinvoinnin edist\u00e4minen sijaishuollossa","robots":{"index":"index","follow":"follow","max-snippet":"max-snippet:-1","max-image-preview":"max-image-preview:large","max-video-preview":"max-video-preview:-1"},"canonical":"https:\/\/odl.fi\/tyohyvinvointialastensuojeluun\/menetelmat\/","og_locale":"fi_FI","og_type":"article","og_title":"Menetelm\u00e4t\/ Ty\u00f6hyvinvointi materiaalit - Ty\u00f6hyvinvoinnin edist\u00e4minen sijaishuollossa","og_url":"https:\/\/odl.fi\/tyohyvinvointialastensuojeluun\/menetelmat\/","og_site_name":"Ty\u00f6hyvinvoinnin edist\u00e4minen sijaishuollossa","twitter_card":"summary_large_image","twitter_misc":{"Arvioitu lukuaika":"1 minuutti"},"schema":{"@context":"https:\/\/schema.org","@graph":[{"@type":"WebPage","@id":"https:\/\/odl.fi\/tyohyvinvointialastensuojeluun\/menetelmat\/","url":"https:\/\/odl.fi\/tyohyvinvointialastensuojeluun\/menetelmat\/","name":"Menetelm\u00e4t\/ Ty\u00f6hyvinvointi materiaalit - Ty\u00f6hyvinvoinnin edist\u00e4minen sijaishuollossa","isPartOf":{"@id":"https:\/\/odl.fi\/tyohyvinvointialastensuojeluun\/#website"},"datePublished":"2024-09-05T06:36:37+00:00","breadcrumb":{"@id":"https:\/\/odl.fi\/tyohyvinvointialastensuojeluun\/menetelmat\/#breadcrumb"},"inLanguage":"fi","potentialAction":[{"@type":"ReadAction","target":["https:\/\/odl.fi\/tyohyvinvointialastensuojeluun\/menetelmat\/"]}]},{"@type":"BreadcrumbList","@id":"https:\/\/odl.fi\/tyohyvinvointialastensuojeluun\/menetelmat\/#breadcrumb","itemListElement":[{"@type":"ListItem","position":1,"name":"Home","item":"https:\/\/odl.fi\/tyohyvinvointialastensuojeluun\/"},{"@type":"ListItem","position":2,"name":"Menetelm\u00e4t\/ Ty\u00f6hyvinvointi materiaalit"}]},{"@type":"WebSite","@id":"https:\/\/odl.fi\/tyohyvinvointialastensuojeluun\/#website","url":"https:\/\/odl.fi\/tyohyvinvointialastensuojeluun\/","name":"Ty\u00f6hyvinvoinnin edist\u00e4minen sijaishuollossa","description":"","potentialAction":[{"@type":"SearchAction","target":{"@type":"EntryPoint","urlTemplate":"https:\/\/odl.fi\/tyohyvinvointialastensuojeluun\/?s={search_term_string}"},"query-input":{"@type":"PropertyValueSpecification","valueRequired":true,"valueName":"search_term_string"}}],"inLanguage":"fi"}]}},"_links":{"self":[{"href":"https:\/\/odl.fi\/tyohyvinvointialastensuojeluun\/wp-json\/wp\/v2\/pages\/1186","targetHints":{"allow":["GET"]}}],"collection":[{"href":"https:\/\/odl.fi\/tyohyvinvointialastensuojeluun\/wp-json\/wp\/v2\/pages"}],"about":[{"href":"https:\/\/odl.fi\/tyohyvinvointialastensuojeluun\/wp-json\/wp\/v2\/types\/page"}],"author":[{"embeddable":true,"href":"https:\/\/odl.fi\/tyohyvinvointialastensuojeluun\/wp-json\/wp\/v2\/users\/14"}],"replies":[{"embeddable":true,"href":"https:\/\/odl.fi\/tyohyvinvointialastensuojeluun\/wp-json\/wp\/v2\/comments?post=1186"}],"version-history":[{"count":1,"href":"https:\/\/odl.fi\/tyohyvinvointialastensuojeluun\/wp-json\/wp\/v2\/pages\/1186\/revisions"}],"predecessor-version":[{"id":1187,"href":"https:\/\/odl.fi\/tyohyvinvointialastensuojeluun\/wp-json\/wp\/v2\/pages\/1186\/revisions\/1187"}],"wp:attachment":[{"href":"https:\/\/odl.fi\/tyohyvinvointialastensuojeluun\/wp-json\/wp\/v2\/media?parent=1186"}],"curies":[{"name":"wp","href":"https:\/\/api.w.org\/{rel}","templated":true}]}}