{"id":73,"date":"2022-02-18T10:25:28","date_gmt":"2022-02-18T08:25:28","guid":{"rendered":"https:\/\/likidigi.fi\/?page_id=73"},"modified":"2023-08-09T08:54:23","modified_gmt":"2023-08-09T05:54:23","slug":"liikunta","status":"publish","type":"page","link":"https:\/\/odl.fi\/nainen45\/asiakkaalle\/liikunta\/","title":{"rendered":"Liikunta"},"content":{"rendered":"","protected":false},"excerpt":{"rendered":"","protected":false},"author":28,"featured_media":0,"parent":47,"menu_order":2,"comment_status":"closed","ping_status":"closed","template":"","meta":{"_acf_changed":false,"inline_featured_image":false,"footnotes":""},"class_list":["post-73","page","type-page","status-publish","hentry"],"acf":[],"yoast_head":"<!-- This site is optimized with the Yoast SEO plugin v27.1.1 - https:\/\/yoast.com\/product\/yoast-seo-wordpress\/ -->\n<title>Liikunta - Nainen 45+ hanke \/ ODL Liikuntaklinikka<\/title>\n<meta name=\"description\" content=\"Opiskelija, ty\u00f6t\u00f6n tai ty\u00f6uraa etsiv\u00e4! Ura- ja opintopolkuryhm\u00e4mme ovat sinua varten. Autamme sinua etsim\u00e4\u00e4n mielenkiintoisen urapolun.\" \/>\n<meta name=\"robots\" content=\"noindex, follow, max-snippet:-1, max-image-preview:large, max-video-preview:-1\" \/>\n<meta property=\"og:locale\" content=\"fi_FI\" \/>\n<meta property=\"og:type\" content=\"article\" \/>\n<meta property=\"og:title\" content=\"Liikunta - Nainen 45+ hanke \/ ODL Liikuntaklinikka\" \/>\n<meta property=\"og:description\" content=\"Opiskelija, ty\u00f6t\u00f6n tai ty\u00f6uraa etsiv\u00e4! Ura- ja opintopolkuryhm\u00e4mme ovat sinua varten. Autamme sinua etsim\u00e4\u00e4n mielenkiintoisen urapolun.\" \/>\n<meta property=\"og:url\" content=\"https:\/\/odl-production-multisite.wp-fi-3.vdk.fi\/nainen45\/asiakkaalle\/liikunta\/\" \/>\n<meta property=\"og:site_name\" content=\"Nainen 45+ hanke \/ ODL Liikuntaklinikka\" \/>\n<meta property=\"article:modified_time\" content=\"2023-08-09T05:54:23+00:00\" \/>\n<meta name=\"twitter:card\" content=\"summary_large_image\" \/>\n<script type=\"application\/ld+json\" class=\"yoast-schema-graph\">{\"@context\":\"https:\/\/schema.org\",\"@graph\":[{\"@type\":\"WebPage\",\"@id\":\"https:\/\/odl-production-multisite.wp-fi-3.vdk.fi\/nainen45\/asiakkaalle\/liikunta\/\",\"url\":\"https:\/\/odl-production-multisite.wp-fi-3.vdk.fi\/nainen45\/asiakkaalle\/liikunta\/\",\"name\":\"Liikunta - Nainen 45+ hanke \/ ODL Liikuntaklinikka\",\"isPartOf\":{\"@id\":\"https:\/\/odl-production-multisite.wp-fi-3.vdk.fi\/nainen45\/#website\"},\"datePublished\":\"2022-02-18T08:25:28+00:00\",\"dateModified\":\"2023-08-09T05:54:23+00:00\",\"description\":\"Opiskelija, ty\u00f6t\u00f6n tai ty\u00f6uraa etsiv\u00e4! Ura- ja opintopolkuryhm\u00e4mme ovat sinua varten. Autamme sinua etsim\u00e4\u00e4n mielenkiintoisen urapolun.\",\"breadcrumb\":{\"@id\":\"https:\/\/odl-production-multisite.wp-fi-3.vdk.fi\/nainen45\/asiakkaalle\/liikunta\/#breadcrumb\"},\"inLanguage\":\"fi\",\"potentialAction\":[{\"@type\":\"ReadAction\",\"target\":[\"https:\/\/odl-production-multisite.wp-fi-3.vdk.fi\/nainen45\/asiakkaalle\/liikunta\/\"]}]},{\"@type\":\"BreadcrumbList\",\"@id\":\"https:\/\/odl-production-multisite.wp-fi-3.vdk.fi\/nainen45\/asiakkaalle\/liikunta\/#breadcrumb\",\"itemListElement\":[{\"@type\":\"ListItem\",\"position\":1,\"name\":\"Home\",\"item\":\"https:\/\/odl-production-multisite.wp-fi-3.vdk.fi\/nainen45\/\"},{\"@type\":\"ListItem\",\"position\":2,\"name\":\"Nainen 45+ asiakkaalle\",\"item\":\"https:\/\/odl-production-multisite.wp-fi-3.vdk.fi\/nainen45\/asiakkaalle\/\"},{\"@type\":\"ListItem\",\"position\":3,\"name\":\"Liikunta\"}]},{\"@type\":\"WebSite\",\"@id\":\"https:\/\/odl-production-multisite.wp-fi-3.vdk.fi\/nainen45\/#website\",\"url\":\"https:\/\/odl-production-multisite.wp-fi-3.vdk.fi\/nainen45\/\",\"name\":\"Nainen 45+ hanke \/ ODL Liikuntaklinikka\",\"description\":\"\",\"potentialAction\":[{\"@type\":\"SearchAction\",\"target\":{\"@type\":\"EntryPoint\",\"urlTemplate\":\"https:\/\/odl-production-multisite.wp-fi-3.vdk.fi\/nainen45\/?s={search_term_string}\"},\"query-input\":{\"@type\":\"PropertyValueSpecification\",\"valueRequired\":true,\"valueName\":\"search_term_string\"}}],\"inLanguage\":\"fi\"}]}<\/script>\n<!-- \/ Yoast SEO plugin. -->","yoast_head_json":{"title":"Liikunta - Nainen 45+ hanke \/ ODL Liikuntaklinikka","description":"Opiskelija, ty\u00f6t\u00f6n tai ty\u00f6uraa etsiv\u00e4! Ura- ja opintopolkuryhm\u00e4mme ovat sinua varten. Autamme sinua etsim\u00e4\u00e4n mielenkiintoisen urapolun.","robots":{"index":"noindex","follow":"follow","max-snippet":"max-snippet:-1","max-image-preview":"max-image-preview:large","max-video-preview":"max-video-preview:-1"},"og_locale":"fi_FI","og_type":"article","og_title":"Liikunta - Nainen 45+ hanke \/ ODL Liikuntaklinikka","og_description":"Opiskelija, ty\u00f6t\u00f6n tai ty\u00f6uraa etsiv\u00e4! Ura- ja opintopolkuryhm\u00e4mme ovat sinua varten. Autamme sinua etsim\u00e4\u00e4n mielenkiintoisen urapolun.","og_url":"https:\/\/odl-production-multisite.wp-fi-3.vdk.fi\/nainen45\/asiakkaalle\/liikunta\/","og_site_name":"Nainen 45+ hanke \/ ODL Liikuntaklinikka","article_modified_time":"2023-08-09T05:54:23+00:00","twitter_card":"summary_large_image","schema":{"@context":"https:\/\/schema.org","@graph":[{"@type":"WebPage","@id":"https:\/\/odl-production-multisite.wp-fi-3.vdk.fi\/nainen45\/asiakkaalle\/liikunta\/","url":"https:\/\/odl-production-multisite.wp-fi-3.vdk.fi\/nainen45\/asiakkaalle\/liikunta\/","name":"Liikunta - Nainen 45+ hanke \/ ODL Liikuntaklinikka","isPartOf":{"@id":"https:\/\/odl-production-multisite.wp-fi-3.vdk.fi\/nainen45\/#website"},"datePublished":"2022-02-18T08:25:28+00:00","dateModified":"2023-08-09T05:54:23+00:00","description":"Opiskelija, ty\u00f6t\u00f6n tai ty\u00f6uraa etsiv\u00e4! Ura- ja opintopolkuryhm\u00e4mme ovat sinua varten. Autamme sinua etsim\u00e4\u00e4n mielenkiintoisen urapolun.","breadcrumb":{"@id":"https:\/\/odl-production-multisite.wp-fi-3.vdk.fi\/nainen45\/asiakkaalle\/liikunta\/#breadcrumb"},"inLanguage":"fi","potentialAction":[{"@type":"ReadAction","target":["https:\/\/odl-production-multisite.wp-fi-3.vdk.fi\/nainen45\/asiakkaalle\/liikunta\/"]}]},{"@type":"BreadcrumbList","@id":"https:\/\/odl-production-multisite.wp-fi-3.vdk.fi\/nainen45\/asiakkaalle\/liikunta\/#breadcrumb","itemListElement":[{"@type":"ListItem","position":1,"name":"Home","item":"https:\/\/odl-production-multisite.wp-fi-3.vdk.fi\/nainen45\/"},{"@type":"ListItem","position":2,"name":"Nainen 45+ asiakkaalle","item":"https:\/\/odl-production-multisite.wp-fi-3.vdk.fi\/nainen45\/asiakkaalle\/"},{"@type":"ListItem","position":3,"name":"Liikunta"}]},{"@type":"WebSite","@id":"https:\/\/odl-production-multisite.wp-fi-3.vdk.fi\/nainen45\/#website","url":"https:\/\/odl-production-multisite.wp-fi-3.vdk.fi\/nainen45\/","name":"Nainen 45+ hanke \/ ODL Liikuntaklinikka","description":"","potentialAction":[{"@type":"SearchAction","target":{"@type":"EntryPoint","urlTemplate":"https:\/\/odl-production-multisite.wp-fi-3.vdk.fi\/nainen45\/?s={search_term_string}"},"query-input":{"@type":"PropertyValueSpecification","valueRequired":true,"valueName":"search_term_string"}}],"inLanguage":"fi"}]}},"_links":{"self":[{"href":"https:\/\/odl.fi\/nainen45\/wp-json\/wp\/v2\/pages\/73","targetHints":{"allow":["GET"]}}],"collection":[{"href":"https:\/\/odl.fi\/nainen45\/wp-json\/wp\/v2\/pages"}],"about":[{"href":"https:\/\/odl.fi\/nainen45\/wp-json\/wp\/v2\/types\/page"}],"author":[{"embeddable":true,"href":"https:\/\/odl.fi\/nainen45\/wp-json\/wp\/v2\/users\/28"}],"replies":[{"embeddable":true,"href":"https:\/\/odl.fi\/nainen45\/wp-json\/wp\/v2\/comments?post=73"}],"version-history":[{"count":12,"href":"https:\/\/odl.fi\/nainen45\/wp-json\/wp\/v2\/pages\/73\/revisions"}],"predecessor-version":[{"id":2084,"href":"https:\/\/odl.fi\/nainen45\/wp-json\/wp\/v2\/pages\/73\/revisions\/2084"}],"up":[{"embeddable":true,"href":"https:\/\/odl.fi\/nainen45\/wp-json\/wp\/v2\/pages\/47"}],"wp:attachment":[{"href":"https:\/\/odl.fi\/nainen45\/wp-json\/wp\/v2\/media?parent=73"}],"curies":[{"name":"wp","href":"https:\/\/api.w.org\/{rel}","templated":true}]}}