{"id":69,"date":"2022-02-18T10:24:46","date_gmt":"2022-02-18T08:24:46","guid":{"rendered":"https:\/\/likidigi.fi\/?page_id=69"},"modified":"2023-08-09T08:52:53","modified_gmt":"2023-08-09T05:52:53","slug":"ravitsemus","status":"publish","type":"page","link":"https:\/\/odl.fi\/nainen45\/asiakkaalle\/ravitsemus\/","title":{"rendered":"Ravitsemus"},"content":{"rendered":"","protected":false},"excerpt":{"rendered":"","protected":false},"author":28,"featured_media":0,"parent":47,"menu_order":0,"comment_status":"closed","ping_status":"closed","template":"","meta":{"_acf_changed":false,"inline_featured_image":false,"footnotes":""},"class_list":["post-69","page","type-page","status-publish","hentry"],"acf":[],"yoast_head":"<!-- This site is optimized with the Yoast SEO plugin v27.1.1 - https:\/\/yoast.com\/product\/yoast-seo-wordpress\/ -->\n<title>Ravitsemus - Nainen 45+ hanke \/ ODL Liikuntaklinikka<\/title>\n<meta name=\"description\" content=\"Hyvinvointiryhmiss\u00e4 saat ohjausta kokonaisvaltaiseen arjen hyvinvointiin, ravitsemukseen, liikuntaan ja uneen liittyviss\u00e4 asioissa. P\u00e4\u00e4set my\u00f6s liikkumaan matalalla kynnyksell\u00e4 luonnossa.\" \/>\n<meta name=\"robots\" content=\"noindex, follow, max-snippet:-1, max-image-preview:large, max-video-preview:-1\" \/>\n<meta property=\"og:locale\" content=\"fi_FI\" \/>\n<meta property=\"og:type\" content=\"article\" \/>\n<meta property=\"og:title\" content=\"Ravitsemus - Nainen 45+ hanke \/ ODL Liikuntaklinikka\" \/>\n<meta property=\"og:description\" content=\"Hyvinvointiryhmiss\u00e4 saat ohjausta kokonaisvaltaiseen arjen hyvinvointiin, ravitsemukseen, liikuntaan ja uneen liittyviss\u00e4 asioissa. P\u00e4\u00e4set my\u00f6s liikkumaan matalalla kynnyksell\u00e4 luonnossa.\" \/>\n<meta property=\"og:url\" content=\"https:\/\/odl-production-multisite.wp-fi-3.vdk.fi\/nainen45\/asiakkaalle\/ravitsemus\/\" \/>\n<meta property=\"og:site_name\" content=\"Nainen 45+ hanke \/ ODL Liikuntaklinikka\" \/>\n<meta property=\"article:modified_time\" content=\"2023-08-09T05:52:53+00:00\" \/>\n<meta name=\"twitter:card\" content=\"summary_large_image\" \/>\n<script type=\"application\/ld+json\" class=\"yoast-schema-graph\">{\"@context\":\"https:\/\/schema.org\",\"@graph\":[{\"@type\":\"WebPage\",\"@id\":\"https:\/\/odl-production-multisite.wp-fi-3.vdk.fi\/nainen45\/asiakkaalle\/ravitsemus\/\",\"url\":\"https:\/\/odl-production-multisite.wp-fi-3.vdk.fi\/nainen45\/asiakkaalle\/ravitsemus\/\",\"name\":\"Ravitsemus - Nainen 45+ hanke \/ ODL Liikuntaklinikka\",\"isPartOf\":{\"@id\":\"https:\/\/odl-production-multisite.wp-fi-3.vdk.fi\/nainen45\/#website\"},\"datePublished\":\"2022-02-18T08:24:46+00:00\",\"dateModified\":\"2023-08-09T05:52:53+00:00\",\"description\":\"Hyvinvointiryhmiss\u00e4 saat ohjausta kokonaisvaltaiseen arjen hyvinvointiin, ravitsemukseen, liikuntaan ja uneen liittyviss\u00e4 asioissa. P\u00e4\u00e4set my\u00f6s liikkumaan matalalla kynnyksell\u00e4 luonnossa.\",\"breadcrumb\":{\"@id\":\"https:\/\/odl-production-multisite.wp-fi-3.vdk.fi\/nainen45\/asiakkaalle\/ravitsemus\/#breadcrumb\"},\"inLanguage\":\"fi\",\"potentialAction\":[{\"@type\":\"ReadAction\",\"target\":[\"https:\/\/odl-production-multisite.wp-fi-3.vdk.fi\/nainen45\/asiakkaalle\/ravitsemus\/\"]}]},{\"@type\":\"BreadcrumbList\",\"@id\":\"https:\/\/odl-production-multisite.wp-fi-3.vdk.fi\/nainen45\/asiakkaalle\/ravitsemus\/#breadcrumb\",\"itemListElement\":[{\"@type\":\"ListItem\",\"position\":1,\"name\":\"Home\",\"item\":\"https:\/\/odl-production-multisite.wp-fi-3.vdk.fi\/nainen45\/\"},{\"@type\":\"ListItem\",\"position\":2,\"name\":\"Nainen 45+ asiakkaalle\",\"item\":\"https:\/\/odl-production-multisite.wp-fi-3.vdk.fi\/nainen45\/asiakkaalle\/\"},{\"@type\":\"ListItem\",\"position\":3,\"name\":\"Ravitsemus\"}]},{\"@type\":\"WebSite\",\"@id\":\"https:\/\/odl-production-multisite.wp-fi-3.vdk.fi\/nainen45\/#website\",\"url\":\"https:\/\/odl-production-multisite.wp-fi-3.vdk.fi\/nainen45\/\",\"name\":\"Nainen 45+ hanke \/ ODL Liikuntaklinikka\",\"description\":\"\",\"potentialAction\":[{\"@type\":\"SearchAction\",\"target\":{\"@type\":\"EntryPoint\",\"urlTemplate\":\"https:\/\/odl-production-multisite.wp-fi-3.vdk.fi\/nainen45\/?s={search_term_string}\"},\"query-input\":{\"@type\":\"PropertyValueSpecification\",\"valueRequired\":true,\"valueName\":\"search_term_string\"}}],\"inLanguage\":\"fi\"}]}<\/script>\n<!-- \/ Yoast SEO plugin. -->","yoast_head_json":{"title":"Ravitsemus - Nainen 45+ hanke \/ ODL Liikuntaklinikka","description":"Hyvinvointiryhmiss\u00e4 saat ohjausta kokonaisvaltaiseen arjen hyvinvointiin, ravitsemukseen, liikuntaan ja uneen liittyviss\u00e4 asioissa. P\u00e4\u00e4set my\u00f6s liikkumaan matalalla kynnyksell\u00e4 luonnossa.","robots":{"index":"noindex","follow":"follow","max-snippet":"max-snippet:-1","max-image-preview":"max-image-preview:large","max-video-preview":"max-video-preview:-1"},"og_locale":"fi_FI","og_type":"article","og_title":"Ravitsemus - Nainen 45+ hanke \/ ODL Liikuntaklinikka","og_description":"Hyvinvointiryhmiss\u00e4 saat ohjausta kokonaisvaltaiseen arjen hyvinvointiin, ravitsemukseen, liikuntaan ja uneen liittyviss\u00e4 asioissa. P\u00e4\u00e4set my\u00f6s liikkumaan matalalla kynnyksell\u00e4 luonnossa.","og_url":"https:\/\/odl-production-multisite.wp-fi-3.vdk.fi\/nainen45\/asiakkaalle\/ravitsemus\/","og_site_name":"Nainen 45+ hanke \/ ODL Liikuntaklinikka","article_modified_time":"2023-08-09T05:52:53+00:00","twitter_card":"summary_large_image","schema":{"@context":"https:\/\/schema.org","@graph":[{"@type":"WebPage","@id":"https:\/\/odl-production-multisite.wp-fi-3.vdk.fi\/nainen45\/asiakkaalle\/ravitsemus\/","url":"https:\/\/odl-production-multisite.wp-fi-3.vdk.fi\/nainen45\/asiakkaalle\/ravitsemus\/","name":"Ravitsemus - Nainen 45+ hanke \/ ODL Liikuntaklinikka","isPartOf":{"@id":"https:\/\/odl-production-multisite.wp-fi-3.vdk.fi\/nainen45\/#website"},"datePublished":"2022-02-18T08:24:46+00:00","dateModified":"2023-08-09T05:52:53+00:00","description":"Hyvinvointiryhmiss\u00e4 saat ohjausta kokonaisvaltaiseen arjen hyvinvointiin, ravitsemukseen, liikuntaan ja uneen liittyviss\u00e4 asioissa. P\u00e4\u00e4set my\u00f6s liikkumaan matalalla kynnyksell\u00e4 luonnossa.","breadcrumb":{"@id":"https:\/\/odl-production-multisite.wp-fi-3.vdk.fi\/nainen45\/asiakkaalle\/ravitsemus\/#breadcrumb"},"inLanguage":"fi","potentialAction":[{"@type":"ReadAction","target":["https:\/\/odl-production-multisite.wp-fi-3.vdk.fi\/nainen45\/asiakkaalle\/ravitsemus\/"]}]},{"@type":"BreadcrumbList","@id":"https:\/\/odl-production-multisite.wp-fi-3.vdk.fi\/nainen45\/asiakkaalle\/ravitsemus\/#breadcrumb","itemListElement":[{"@type":"ListItem","position":1,"name":"Home","item":"https:\/\/odl-production-multisite.wp-fi-3.vdk.fi\/nainen45\/"},{"@type":"ListItem","position":2,"name":"Nainen 45+ asiakkaalle","item":"https:\/\/odl-production-multisite.wp-fi-3.vdk.fi\/nainen45\/asiakkaalle\/"},{"@type":"ListItem","position":3,"name":"Ravitsemus"}]},{"@type":"WebSite","@id":"https:\/\/odl-production-multisite.wp-fi-3.vdk.fi\/nainen45\/#website","url":"https:\/\/odl-production-multisite.wp-fi-3.vdk.fi\/nainen45\/","name":"Nainen 45+ hanke \/ ODL Liikuntaklinikka","description":"","potentialAction":[{"@type":"SearchAction","target":{"@type":"EntryPoint","urlTemplate":"https:\/\/odl-production-multisite.wp-fi-3.vdk.fi\/nainen45\/?s={search_term_string}"},"query-input":{"@type":"PropertyValueSpecification","valueRequired":true,"valueName":"search_term_string"}}],"inLanguage":"fi"}]}},"_links":{"self":[{"href":"https:\/\/odl.fi\/nainen45\/wp-json\/wp\/v2\/pages\/69","targetHints":{"allow":["GET"]}}],"collection":[{"href":"https:\/\/odl.fi\/nainen45\/wp-json\/wp\/v2\/pages"}],"about":[{"href":"https:\/\/odl.fi\/nainen45\/wp-json\/wp\/v2\/types\/page"}],"author":[{"embeddable":true,"href":"https:\/\/odl.fi\/nainen45\/wp-json\/wp\/v2\/users\/28"}],"replies":[{"embeddable":true,"href":"https:\/\/odl.fi\/nainen45\/wp-json\/wp\/v2\/comments?post=69"}],"version-history":[{"count":22,"href":"https:\/\/odl.fi\/nainen45\/wp-json\/wp\/v2\/pages\/69\/revisions"}],"predecessor-version":[{"id":2082,"href":"https:\/\/odl.fi\/nainen45\/wp-json\/wp\/v2\/pages\/69\/revisions\/2082"}],"up":[{"embeddable":true,"href":"https:\/\/odl.fi\/nainen45\/wp-json\/wp\/v2\/pages\/47"}],"wp:attachment":[{"href":"https:\/\/odl.fi\/nainen45\/wp-json\/wp\/v2\/media?parent=69"}],"curies":[{"name":"wp","href":"https:\/\/api.w.org\/{rel}","templated":true}]}}