{"id":49,"date":"2022-02-14T14:57:58","date_gmt":"2022-02-14T12:57:58","guid":{"rendered":"https:\/\/likidigi.fi\/?page_id=49"},"modified":"2023-08-23T14:16:01","modified_gmt":"2023-08-23T11:16:01","slug":"loppuraportti","status":"publish","type":"page","link":"https:\/\/odl.fi\/nainen45\/loppuraportti\/","title":{"rendered":"Loppuraportti"},"content":{"rendered":"","protected":false},"excerpt":{"rendered":"","protected":false},"author":28,"featured_media":0,"parent":0,"menu_order":3,"comment_status":"closed","ping_status":"closed","template":"","meta":{"_acf_changed":false,"inline_featured_image":false,"footnotes":""},"class_list":["post-49","page","type-page","status-publish","hentry"],"acf":[],"yoast_head":"<!-- This site is optimized with the Yoast SEO plugin v27.1.1 - https:\/\/yoast.com\/product\/yoast-seo-wordpress\/ -->\n<title>Loppuraportti - Nainen 45+ hanke \/ ODL Liikuntaklinikka<\/title>\n<meta name=\"description\" content=\"Materiaalipankista l\u00f6yd\u00e4t hankkeeseen liittyv\u00e4t liitetiedostot ja materiaalit.\" \/>\n<meta name=\"robots\" content=\"noindex, follow, max-snippet:-1, max-image-preview:large, max-video-preview:-1\" \/>\n<meta property=\"og:locale\" content=\"fi_FI\" \/>\n<meta property=\"og:type\" content=\"article\" \/>\n<meta property=\"og:title\" content=\"Loppuraportti - Nainen 45+ hanke \/ ODL Liikuntaklinikka\" \/>\n<meta property=\"og:description\" content=\"Materiaalipankista l\u00f6yd\u00e4t hankkeeseen liittyv\u00e4t liitetiedostot ja materiaalit.\" \/>\n<meta property=\"og:url\" content=\"https:\/\/odl-production-multisite.wp-fi-3.vdk.fi\/nainen45\/loppuraportti\/\" \/>\n<meta property=\"og:site_name\" content=\"Nainen 45+ hanke \/ ODL Liikuntaklinikka\" \/>\n<meta property=\"article:modified_time\" content=\"2023-08-23T11:16:01+00:00\" \/>\n<meta name=\"twitter:card\" content=\"summary_large_image\" \/>\n<script type=\"application\/ld+json\" class=\"yoast-schema-graph\">{\"@context\":\"https:\/\/schema.org\",\"@graph\":[{\"@type\":\"WebPage\",\"@id\":\"https:\/\/odl-production-multisite.wp-fi-3.vdk.fi\/nainen45\/loppuraportti\/\",\"url\":\"https:\/\/odl-production-multisite.wp-fi-3.vdk.fi\/nainen45\/loppuraportti\/\",\"name\":\"Loppuraportti - Nainen 45+ hanke \/ ODL Liikuntaklinikka\",\"isPartOf\":{\"@id\":\"https:\/\/odl-production-multisite.wp-fi-3.vdk.fi\/nainen45\/#website\"},\"datePublished\":\"2022-02-14T12:57:58+00:00\",\"dateModified\":\"2023-08-23T11:16:01+00:00\",\"description\":\"Materiaalipankista l\u00f6yd\u00e4t hankkeeseen liittyv\u00e4t liitetiedostot ja materiaalit.\",\"breadcrumb\":{\"@id\":\"https:\/\/odl-production-multisite.wp-fi-3.vdk.fi\/nainen45\/loppuraportti\/#breadcrumb\"},\"inLanguage\":\"fi\",\"potentialAction\":[{\"@type\":\"ReadAction\",\"target\":[\"https:\/\/odl-production-multisite.wp-fi-3.vdk.fi\/nainen45\/loppuraportti\/\"]}]},{\"@type\":\"BreadcrumbList\",\"@id\":\"https:\/\/odl-production-multisite.wp-fi-3.vdk.fi\/nainen45\/loppuraportti\/#breadcrumb\",\"itemListElement\":[{\"@type\":\"ListItem\",\"position\":1,\"name\":\"Home\",\"item\":\"https:\/\/odl-production-multisite.wp-fi-3.vdk.fi\/nainen45\/\"},{\"@type\":\"ListItem\",\"position\":2,\"name\":\"Loppuraportti\"}]},{\"@type\":\"WebSite\",\"@id\":\"https:\/\/odl-production-multisite.wp-fi-3.vdk.fi\/nainen45\/#website\",\"url\":\"https:\/\/odl-production-multisite.wp-fi-3.vdk.fi\/nainen45\/\",\"name\":\"Nainen 45+ hanke \/ ODL Liikuntaklinikka\",\"description\":\"\",\"potentialAction\":[{\"@type\":\"SearchAction\",\"target\":{\"@type\":\"EntryPoint\",\"urlTemplate\":\"https:\/\/odl-production-multisite.wp-fi-3.vdk.fi\/nainen45\/?s={search_term_string}\"},\"query-input\":{\"@type\":\"PropertyValueSpecification\",\"valueRequired\":true,\"valueName\":\"search_term_string\"}}],\"inLanguage\":\"fi\"}]}<\/script>\n<!-- \/ Yoast SEO plugin. -->","yoast_head_json":{"title":"Loppuraportti - Nainen 45+ hanke \/ ODL Liikuntaklinikka","description":"Materiaalipankista l\u00f6yd\u00e4t hankkeeseen liittyv\u00e4t liitetiedostot ja materiaalit.","robots":{"index":"noindex","follow":"follow","max-snippet":"max-snippet:-1","max-image-preview":"max-image-preview:large","max-video-preview":"max-video-preview:-1"},"og_locale":"fi_FI","og_type":"article","og_title":"Loppuraportti - Nainen 45+ hanke \/ ODL Liikuntaklinikka","og_description":"Materiaalipankista l\u00f6yd\u00e4t hankkeeseen liittyv\u00e4t liitetiedostot ja materiaalit.","og_url":"https:\/\/odl-production-multisite.wp-fi-3.vdk.fi\/nainen45\/loppuraportti\/","og_site_name":"Nainen 45+ hanke \/ ODL Liikuntaklinikka","article_modified_time":"2023-08-23T11:16:01+00:00","twitter_card":"summary_large_image","schema":{"@context":"https:\/\/schema.org","@graph":[{"@type":"WebPage","@id":"https:\/\/odl-production-multisite.wp-fi-3.vdk.fi\/nainen45\/loppuraportti\/","url":"https:\/\/odl-production-multisite.wp-fi-3.vdk.fi\/nainen45\/loppuraportti\/","name":"Loppuraportti - Nainen 45+ hanke \/ ODL Liikuntaklinikka","isPartOf":{"@id":"https:\/\/odl-production-multisite.wp-fi-3.vdk.fi\/nainen45\/#website"},"datePublished":"2022-02-14T12:57:58+00:00","dateModified":"2023-08-23T11:16:01+00:00","description":"Materiaalipankista l\u00f6yd\u00e4t hankkeeseen liittyv\u00e4t liitetiedostot ja materiaalit.","breadcrumb":{"@id":"https:\/\/odl-production-multisite.wp-fi-3.vdk.fi\/nainen45\/loppuraportti\/#breadcrumb"},"inLanguage":"fi","potentialAction":[{"@type":"ReadAction","target":["https:\/\/odl-production-multisite.wp-fi-3.vdk.fi\/nainen45\/loppuraportti\/"]}]},{"@type":"BreadcrumbList","@id":"https:\/\/odl-production-multisite.wp-fi-3.vdk.fi\/nainen45\/loppuraportti\/#breadcrumb","itemListElement":[{"@type":"ListItem","position":1,"name":"Home","item":"https:\/\/odl-production-multisite.wp-fi-3.vdk.fi\/nainen45\/"},{"@type":"ListItem","position":2,"name":"Loppuraportti"}]},{"@type":"WebSite","@id":"https:\/\/odl-production-multisite.wp-fi-3.vdk.fi\/nainen45\/#website","url":"https:\/\/odl-production-multisite.wp-fi-3.vdk.fi\/nainen45\/","name":"Nainen 45+ hanke \/ ODL Liikuntaklinikka","description":"","potentialAction":[{"@type":"SearchAction","target":{"@type":"EntryPoint","urlTemplate":"https:\/\/odl-production-multisite.wp-fi-3.vdk.fi\/nainen45\/?s={search_term_string}"},"query-input":{"@type":"PropertyValueSpecification","valueRequired":true,"valueName":"search_term_string"}}],"inLanguage":"fi"}]}},"_links":{"self":[{"href":"https:\/\/odl.fi\/nainen45\/wp-json\/wp\/v2\/pages\/49","targetHints":{"allow":["GET"]}}],"collection":[{"href":"https:\/\/odl.fi\/nainen45\/wp-json\/wp\/v2\/pages"}],"about":[{"href":"https:\/\/odl.fi\/nainen45\/wp-json\/wp\/v2\/types\/page"}],"author":[{"embeddable":true,"href":"https:\/\/odl.fi\/nainen45\/wp-json\/wp\/v2\/users\/28"}],"replies":[{"embeddable":true,"href":"https:\/\/odl.fi\/nainen45\/wp-json\/wp\/v2\/comments?post=49"}],"version-history":[{"count":30,"href":"https:\/\/odl.fi\/nainen45\/wp-json\/wp\/v2\/pages\/49\/revisions"}],"predecessor-version":[{"id":2140,"href":"https:\/\/odl.fi\/nainen45\/wp-json\/wp\/v2\/pages\/49\/revisions\/2140"}],"wp:attachment":[{"href":"https:\/\/odl.fi\/nainen45\/wp-json\/wp\/v2\/media?parent=49"}],"curies":[{"name":"wp","href":"https:\/\/api.w.org\/{rel}","templated":true}]}}