{"id":1403,"date":"2023-02-13T11:48:43","date_gmt":"2023-02-13T09:48:43","guid":{"rendered":"https:\/\/odl.fi\/nainen45\/?page_id=1403"},"modified":"2023-08-09T08:56:29","modified_gmt":"2023-08-09T05:56:29","slug":"uni-ja-palautuminen","status":"publish","type":"page","link":"https:\/\/odl.fi\/nainen45\/tietoiskut\/uni-ja-palautuminen\/","title":{"rendered":"Unen ja palautumisen merkitys keski-ik\u00e4iselle naiselle"},"content":{"rendered":"","protected":false},"excerpt":{"rendered":"","protected":false},"author":17,"featured_media":0,"parent":1353,"menu_order":1,"comment_status":"closed","ping_status":"closed","template":"","meta":{"_acf_changed":false,"inline_featured_image":false,"footnotes":""},"class_list":["post-1403","page","type-page","status-publish","hentry"],"acf":[],"yoast_head":"<!-- This site is optimized with the Yoast SEO plugin v27.1.1 - https:\/\/yoast.com\/product\/yoast-seo-wordpress\/ -->\n<title>Unen ja palautumisen merkitys keski-ik\u00e4iselle naiselle - Nainen 45+ hanke \/ ODL Liikuntaklinikka<\/title>\n<meta name=\"description\" content=\"Digi-ryhm\u00e4ss\u00e4 p\u00e4\u00e4set vahvistamaan digilaitteiden ja s\u00e4hk\u00f6isten j\u00e4rjestelmien k\u00e4ytt\u00f6taitojasi muiden kanssa.\" \/>\n<meta name=\"robots\" content=\"noindex, follow, max-snippet:-1, max-image-preview:large, max-video-preview:-1\" \/>\n<meta property=\"og:locale\" content=\"fi_FI\" \/>\n<meta property=\"og:type\" content=\"article\" \/>\n<meta property=\"og:title\" content=\"Unen ja palautumisen merkitys keski-ik\u00e4iselle naiselle - Nainen 45+ hanke \/ ODL Liikuntaklinikka\" \/>\n<meta property=\"og:description\" content=\"Digi-ryhm\u00e4ss\u00e4 p\u00e4\u00e4set vahvistamaan digilaitteiden ja s\u00e4hk\u00f6isten j\u00e4rjestelmien k\u00e4ytt\u00f6taitojasi muiden kanssa.\" \/>\n<meta property=\"og:url\" content=\"https:\/\/odl-production-multisite.wp-fi-3.vdk.fi\/nainen45\/tietoiskut\/uni-ja-palautuminen\/\" \/>\n<meta property=\"og:site_name\" content=\"Nainen 45+ hanke \/ ODL Liikuntaklinikka\" \/>\n<meta property=\"article:modified_time\" content=\"2023-08-09T05:56:29+00:00\" \/>\n<meta name=\"twitter:card\" content=\"summary_large_image\" \/>\n<script type=\"application\/ld+json\" class=\"yoast-schema-graph\">{\"@context\":\"https:\/\/schema.org\",\"@graph\":[{\"@type\":\"WebPage\",\"@id\":\"https:\/\/odl-production-multisite.wp-fi-3.vdk.fi\/nainen45\/tietoiskut\/uni-ja-palautuminen\/\",\"url\":\"https:\/\/odl-production-multisite.wp-fi-3.vdk.fi\/nainen45\/tietoiskut\/uni-ja-palautuminen\/\",\"name\":\"Unen ja palautumisen merkitys keski-ik\u00e4iselle naiselle - Nainen 45+ hanke \/ ODL Liikuntaklinikka\",\"isPartOf\":{\"@id\":\"https:\/\/odl-production-multisite.wp-fi-3.vdk.fi\/nainen45\/#website\"},\"datePublished\":\"2023-02-13T09:48:43+00:00\",\"dateModified\":\"2023-08-09T05:56:29+00:00\",\"description\":\"Digi-ryhm\u00e4ss\u00e4 p\u00e4\u00e4set vahvistamaan digilaitteiden ja s\u00e4hk\u00f6isten j\u00e4rjestelmien k\u00e4ytt\u00f6taitojasi muiden kanssa.\",\"breadcrumb\":{\"@id\":\"https:\/\/odl-production-multisite.wp-fi-3.vdk.fi\/nainen45\/tietoiskut\/uni-ja-palautuminen\/#breadcrumb\"},\"inLanguage\":\"fi\",\"potentialAction\":[{\"@type\":\"ReadAction\",\"target\":[\"https:\/\/odl-production-multisite.wp-fi-3.vdk.fi\/nainen45\/tietoiskut\/uni-ja-palautuminen\/\"]}]},{\"@type\":\"BreadcrumbList\",\"@id\":\"https:\/\/odl-production-multisite.wp-fi-3.vdk.fi\/nainen45\/tietoiskut\/uni-ja-palautuminen\/#breadcrumb\",\"itemListElement\":[{\"@type\":\"ListItem\",\"position\":1,\"name\":\"Home\",\"item\":\"https:\/\/odl-production-multisite.wp-fi-3.vdk.fi\/nainen45\/\"},{\"@type\":\"ListItem\",\"position\":2,\"name\":\"Tietoiskut\",\"item\":\"https:\/\/odl-production-multisite.wp-fi-3.vdk.fi\/nainen45\/tietoiskut\/\"},{\"@type\":\"ListItem\",\"position\":3,\"name\":\"Unen ja palautumisen merkitys keski-ik\u00e4iselle naiselle\"}]},{\"@type\":\"WebSite\",\"@id\":\"https:\/\/odl-production-multisite.wp-fi-3.vdk.fi\/nainen45\/#website\",\"url\":\"https:\/\/odl-production-multisite.wp-fi-3.vdk.fi\/nainen45\/\",\"name\":\"Nainen 45+ hanke \/ ODL Liikuntaklinikka\",\"description\":\"\",\"potentialAction\":[{\"@type\":\"SearchAction\",\"target\":{\"@type\":\"EntryPoint\",\"urlTemplate\":\"https:\/\/odl-production-multisite.wp-fi-3.vdk.fi\/nainen45\/?s={search_term_string}\"},\"query-input\":{\"@type\":\"PropertyValueSpecification\",\"valueRequired\":true,\"valueName\":\"search_term_string\"}}],\"inLanguage\":\"fi\"}]}<\/script>\n<!-- \/ Yoast SEO plugin. -->","yoast_head_json":{"title":"Unen ja palautumisen merkitys keski-ik\u00e4iselle naiselle - Nainen 45+ hanke \/ ODL Liikuntaklinikka","description":"Digi-ryhm\u00e4ss\u00e4 p\u00e4\u00e4set vahvistamaan digilaitteiden ja s\u00e4hk\u00f6isten j\u00e4rjestelmien k\u00e4ytt\u00f6taitojasi muiden kanssa.","robots":{"index":"noindex","follow":"follow","max-snippet":"max-snippet:-1","max-image-preview":"max-image-preview:large","max-video-preview":"max-video-preview:-1"},"og_locale":"fi_FI","og_type":"article","og_title":"Unen ja palautumisen merkitys keski-ik\u00e4iselle naiselle - Nainen 45+ hanke \/ ODL Liikuntaklinikka","og_description":"Digi-ryhm\u00e4ss\u00e4 p\u00e4\u00e4set vahvistamaan digilaitteiden ja s\u00e4hk\u00f6isten j\u00e4rjestelmien k\u00e4ytt\u00f6taitojasi muiden kanssa.","og_url":"https:\/\/odl-production-multisite.wp-fi-3.vdk.fi\/nainen45\/tietoiskut\/uni-ja-palautuminen\/","og_site_name":"Nainen 45+ hanke \/ ODL Liikuntaklinikka","article_modified_time":"2023-08-09T05:56:29+00:00","twitter_card":"summary_large_image","schema":{"@context":"https:\/\/schema.org","@graph":[{"@type":"WebPage","@id":"https:\/\/odl-production-multisite.wp-fi-3.vdk.fi\/nainen45\/tietoiskut\/uni-ja-palautuminen\/","url":"https:\/\/odl-production-multisite.wp-fi-3.vdk.fi\/nainen45\/tietoiskut\/uni-ja-palautuminen\/","name":"Unen ja palautumisen merkitys keski-ik\u00e4iselle naiselle - Nainen 45+ hanke \/ ODL Liikuntaklinikka","isPartOf":{"@id":"https:\/\/odl-production-multisite.wp-fi-3.vdk.fi\/nainen45\/#website"},"datePublished":"2023-02-13T09:48:43+00:00","dateModified":"2023-08-09T05:56:29+00:00","description":"Digi-ryhm\u00e4ss\u00e4 p\u00e4\u00e4set vahvistamaan digilaitteiden ja s\u00e4hk\u00f6isten j\u00e4rjestelmien k\u00e4ytt\u00f6taitojasi muiden kanssa.","breadcrumb":{"@id":"https:\/\/odl-production-multisite.wp-fi-3.vdk.fi\/nainen45\/tietoiskut\/uni-ja-palautuminen\/#breadcrumb"},"inLanguage":"fi","potentialAction":[{"@type":"ReadAction","target":["https:\/\/odl-production-multisite.wp-fi-3.vdk.fi\/nainen45\/tietoiskut\/uni-ja-palautuminen\/"]}]},{"@type":"BreadcrumbList","@id":"https:\/\/odl-production-multisite.wp-fi-3.vdk.fi\/nainen45\/tietoiskut\/uni-ja-palautuminen\/#breadcrumb","itemListElement":[{"@type":"ListItem","position":1,"name":"Home","item":"https:\/\/odl-production-multisite.wp-fi-3.vdk.fi\/nainen45\/"},{"@type":"ListItem","position":2,"name":"Tietoiskut","item":"https:\/\/odl-production-multisite.wp-fi-3.vdk.fi\/nainen45\/tietoiskut\/"},{"@type":"ListItem","position":3,"name":"Unen ja palautumisen merkitys keski-ik\u00e4iselle naiselle"}]},{"@type":"WebSite","@id":"https:\/\/odl-production-multisite.wp-fi-3.vdk.fi\/nainen45\/#website","url":"https:\/\/odl-production-multisite.wp-fi-3.vdk.fi\/nainen45\/","name":"Nainen 45+ hanke \/ ODL Liikuntaklinikka","description":"","potentialAction":[{"@type":"SearchAction","target":{"@type":"EntryPoint","urlTemplate":"https:\/\/odl-production-multisite.wp-fi-3.vdk.fi\/nainen45\/?s={search_term_string}"},"query-input":{"@type":"PropertyValueSpecification","valueRequired":true,"valueName":"search_term_string"}}],"inLanguage":"fi"}]}},"_links":{"self":[{"href":"https:\/\/odl.fi\/nainen45\/wp-json\/wp\/v2\/pages\/1403","targetHints":{"allow":["GET"]}}],"collection":[{"href":"https:\/\/odl.fi\/nainen45\/wp-json\/wp\/v2\/pages"}],"about":[{"href":"https:\/\/odl.fi\/nainen45\/wp-json\/wp\/v2\/types\/page"}],"author":[{"embeddable":true,"href":"https:\/\/odl.fi\/nainen45\/wp-json\/wp\/v2\/users\/17"}],"replies":[{"embeddable":true,"href":"https:\/\/odl.fi\/nainen45\/wp-json\/wp\/v2\/comments?post=1403"}],"version-history":[{"count":8,"href":"https:\/\/odl.fi\/nainen45\/wp-json\/wp\/v2\/pages\/1403\/revisions"}],"predecessor-version":[{"id":2087,"href":"https:\/\/odl.fi\/nainen45\/wp-json\/wp\/v2\/pages\/1403\/revisions\/2087"}],"up":[{"embeddable":true,"href":"https:\/\/odl.fi\/nainen45\/wp-json\/wp\/v2\/pages\/1353"}],"wp:attachment":[{"href":"https:\/\/odl.fi\/nainen45\/wp-json\/wp\/v2\/media?parent=1403"}],"curies":[{"name":"wp","href":"https:\/\/api.w.org\/{rel}","templated":true}]}}