{"id":1353,"date":"2023-01-30T11:44:53","date_gmt":"2023-01-30T09:44:53","guid":{"rendered":"https:\/\/odl.fi\/nainen45\/?page_id=1353"},"modified":"2023-08-09T08:47:34","modified_gmt":"2023-08-09T05:47:34","slug":"tietoiskut","status":"publish","type":"page","link":"https:\/\/odl.fi\/nainen45\/tietoiskut\/","title":{"rendered":"Tietoiskut"},"content":{"rendered":"","protected":false},"excerpt":{"rendered":"","protected":false},"author":17,"featured_media":0,"parent":0,"menu_order":4,"comment_status":"closed","ping_status":"closed","template":"","meta":{"_acf_changed":false,"inline_featured_image":false,"footnotes":""},"class_list":["post-1353","page","type-page","status-publish","hentry"],"acf":[],"yoast_head":"<!-- This site is optimized with the Yoast SEO plugin v27.1.1 - https:\/\/yoast.com\/product\/yoast-seo-wordpress\/ -->\n<title>Tietoiskut - Nainen 45+ hanke \/ ODL Liikuntaklinikka<\/title>\n<meta name=\"description\" content=\"Materiaalipankista l\u00f6yd\u00e4t hankkeeseen liittyv\u00e4t liitetiedostot ja materiaalit.\" \/>\n<meta name=\"robots\" content=\"noindex, follow, max-snippet:-1, max-image-preview:large, max-video-preview:-1\" \/>\n<meta property=\"og:locale\" content=\"fi_FI\" \/>\n<meta property=\"og:type\" content=\"article\" \/>\n<meta property=\"og:title\" content=\"Tietoiskut - Nainen 45+ hanke \/ ODL Liikuntaklinikka\" \/>\n<meta property=\"og:description\" content=\"Materiaalipankista l\u00f6yd\u00e4t hankkeeseen liittyv\u00e4t liitetiedostot ja materiaalit.\" \/>\n<meta property=\"og:url\" content=\"https:\/\/odl-production-multisite.wp-fi-3.vdk.fi\/nainen45\/tietoiskut\/\" \/>\n<meta property=\"og:site_name\" content=\"Nainen 45+ hanke \/ ODL Liikuntaklinikka\" \/>\n<meta property=\"article:modified_time\" content=\"2023-08-09T05:47:34+00:00\" \/>\n<meta name=\"twitter:card\" content=\"summary_large_image\" \/>\n<script type=\"application\/ld+json\" class=\"yoast-schema-graph\">{\"@context\":\"https:\/\/schema.org\",\"@graph\":[{\"@type\":\"WebPage\",\"@id\":\"https:\/\/odl-production-multisite.wp-fi-3.vdk.fi\/nainen45\/tietoiskut\/\",\"url\":\"https:\/\/odl-production-multisite.wp-fi-3.vdk.fi\/nainen45\/tietoiskut\/\",\"name\":\"Tietoiskut - Nainen 45+ hanke \/ ODL Liikuntaklinikka\",\"isPartOf\":{\"@id\":\"https:\/\/odl-production-multisite.wp-fi-3.vdk.fi\/nainen45\/#website\"},\"datePublished\":\"2023-01-30T09:44:53+00:00\",\"dateModified\":\"2023-08-09T05:47:34+00:00\",\"description\":\"Materiaalipankista l\u00f6yd\u00e4t hankkeeseen liittyv\u00e4t liitetiedostot ja materiaalit.\",\"breadcrumb\":{\"@id\":\"https:\/\/odl-production-multisite.wp-fi-3.vdk.fi\/nainen45\/tietoiskut\/#breadcrumb\"},\"inLanguage\":\"fi\",\"potentialAction\":[{\"@type\":\"ReadAction\",\"target\":[\"https:\/\/odl-production-multisite.wp-fi-3.vdk.fi\/nainen45\/tietoiskut\/\"]}]},{\"@type\":\"BreadcrumbList\",\"@id\":\"https:\/\/odl-production-multisite.wp-fi-3.vdk.fi\/nainen45\/tietoiskut\/#breadcrumb\",\"itemListElement\":[{\"@type\":\"ListItem\",\"position\":1,\"name\":\"Home\",\"item\":\"https:\/\/odl-production-multisite.wp-fi-3.vdk.fi\/nainen45\/\"},{\"@type\":\"ListItem\",\"position\":2,\"name\":\"Tietoiskut\"}]},{\"@type\":\"WebSite\",\"@id\":\"https:\/\/odl-production-multisite.wp-fi-3.vdk.fi\/nainen45\/#website\",\"url\":\"https:\/\/odl-production-multisite.wp-fi-3.vdk.fi\/nainen45\/\",\"name\":\"Nainen 45+ hanke \/ ODL Liikuntaklinikka\",\"description\":\"\",\"potentialAction\":[{\"@type\":\"SearchAction\",\"target\":{\"@type\":\"EntryPoint\",\"urlTemplate\":\"https:\/\/odl-production-multisite.wp-fi-3.vdk.fi\/nainen45\/?s={search_term_string}\"},\"query-input\":{\"@type\":\"PropertyValueSpecification\",\"valueRequired\":true,\"valueName\":\"search_term_string\"}}],\"inLanguage\":\"fi\"}]}<\/script>\n<!-- \/ Yoast SEO plugin. -->","yoast_head_json":{"title":"Tietoiskut - Nainen 45+ hanke \/ ODL Liikuntaklinikka","description":"Materiaalipankista l\u00f6yd\u00e4t hankkeeseen liittyv\u00e4t liitetiedostot ja materiaalit.","robots":{"index":"noindex","follow":"follow","max-snippet":"max-snippet:-1","max-image-preview":"max-image-preview:large","max-video-preview":"max-video-preview:-1"},"og_locale":"fi_FI","og_type":"article","og_title":"Tietoiskut - Nainen 45+ hanke \/ ODL Liikuntaklinikka","og_description":"Materiaalipankista l\u00f6yd\u00e4t hankkeeseen liittyv\u00e4t liitetiedostot ja materiaalit.","og_url":"https:\/\/odl-production-multisite.wp-fi-3.vdk.fi\/nainen45\/tietoiskut\/","og_site_name":"Nainen 45+ hanke \/ ODL Liikuntaklinikka","article_modified_time":"2023-08-09T05:47:34+00:00","twitter_card":"summary_large_image","schema":{"@context":"https:\/\/schema.org","@graph":[{"@type":"WebPage","@id":"https:\/\/odl-production-multisite.wp-fi-3.vdk.fi\/nainen45\/tietoiskut\/","url":"https:\/\/odl-production-multisite.wp-fi-3.vdk.fi\/nainen45\/tietoiskut\/","name":"Tietoiskut - Nainen 45+ hanke \/ ODL Liikuntaklinikka","isPartOf":{"@id":"https:\/\/odl-production-multisite.wp-fi-3.vdk.fi\/nainen45\/#website"},"datePublished":"2023-01-30T09:44:53+00:00","dateModified":"2023-08-09T05:47:34+00:00","description":"Materiaalipankista l\u00f6yd\u00e4t hankkeeseen liittyv\u00e4t liitetiedostot ja materiaalit.","breadcrumb":{"@id":"https:\/\/odl-production-multisite.wp-fi-3.vdk.fi\/nainen45\/tietoiskut\/#breadcrumb"},"inLanguage":"fi","potentialAction":[{"@type":"ReadAction","target":["https:\/\/odl-production-multisite.wp-fi-3.vdk.fi\/nainen45\/tietoiskut\/"]}]},{"@type":"BreadcrumbList","@id":"https:\/\/odl-production-multisite.wp-fi-3.vdk.fi\/nainen45\/tietoiskut\/#breadcrumb","itemListElement":[{"@type":"ListItem","position":1,"name":"Home","item":"https:\/\/odl-production-multisite.wp-fi-3.vdk.fi\/nainen45\/"},{"@type":"ListItem","position":2,"name":"Tietoiskut"}]},{"@type":"WebSite","@id":"https:\/\/odl-production-multisite.wp-fi-3.vdk.fi\/nainen45\/#website","url":"https:\/\/odl-production-multisite.wp-fi-3.vdk.fi\/nainen45\/","name":"Nainen 45+ hanke \/ ODL Liikuntaklinikka","description":"","potentialAction":[{"@type":"SearchAction","target":{"@type":"EntryPoint","urlTemplate":"https:\/\/odl-production-multisite.wp-fi-3.vdk.fi\/nainen45\/?s={search_term_string}"},"query-input":{"@type":"PropertyValueSpecification","valueRequired":true,"valueName":"search_term_string"}}],"inLanguage":"fi"}]}},"_links":{"self":[{"href":"https:\/\/odl.fi\/nainen45\/wp-json\/wp\/v2\/pages\/1353","targetHints":{"allow":["GET"]}}],"collection":[{"href":"https:\/\/odl.fi\/nainen45\/wp-json\/wp\/v2\/pages"}],"about":[{"href":"https:\/\/odl.fi\/nainen45\/wp-json\/wp\/v2\/types\/page"}],"author":[{"embeddable":true,"href":"https:\/\/odl.fi\/nainen45\/wp-json\/wp\/v2\/users\/17"}],"replies":[{"embeddable":true,"href":"https:\/\/odl.fi\/nainen45\/wp-json\/wp\/v2\/comments?post=1353"}],"version-history":[{"count":13,"href":"https:\/\/odl.fi\/nainen45\/wp-json\/wp\/v2\/pages\/1353\/revisions"}],"predecessor-version":[{"id":2078,"href":"https:\/\/odl.fi\/nainen45\/wp-json\/wp\/v2\/pages\/1353\/revisions\/2078"}],"wp:attachment":[{"href":"https:\/\/odl.fi\/nainen45\/wp-json\/wp\/v2\/media?parent=1353"}],"curies":[{"name":"wp","href":"https:\/\/api.w.org\/{rel}","templated":true}]}}