{"id":10,"date":"2022-02-14T14:56:40","date_gmt":"2022-02-14T12:56:40","guid":{"rendered":"https:\/\/likidigi.fi\/?page_id=10"},"modified":"2023-08-09T08:44:17","modified_gmt":"2023-08-09T05:44:17","slug":"asiantuntijalle","status":"publish","type":"page","link":"https:\/\/odl.fi\/nainen45\/asiantuntijalle\/","title":{"rendered":"Asiantuntijalle"},"content":{"rendered":"","protected":false},"excerpt":{"rendered":"","protected":false},"author":28,"featured_media":0,"parent":0,"menu_order":1,"comment_status":"closed","ping_status":"closed","template":"","meta":{"_acf_changed":false,"inline_featured_image":false,"footnotes":""},"class_list":["post-10","page","type-page","status-publish","hentry"],"acf":[],"yoast_head":"<!-- This site is optimized with the Yoast SEO plugin v27.1.1 - https:\/\/yoast.com\/product\/yoast-seo-wordpress\/ -->\n<title>Asiantuntijalle - Nainen 45+ hanke \/ ODL Liikuntaklinikka<\/title>\n<meta name=\"description\" content=\"Yksil\u00f6llisess\u00e4 ohjauksessa saat oman, sinua ohjaavan henkil\u00f6n. Saat opiskelu- ja ty\u00f6ohjauksen lis\u00e4ksi halutessasi my\u00f6s el\u00e4m\u00e4ntapaohjeita.\" \/>\n<meta name=\"robots\" content=\"noindex, follow, max-snippet:-1, max-image-preview:large, max-video-preview:-1\" \/>\n<meta property=\"og:locale\" content=\"fi_FI\" \/>\n<meta property=\"og:type\" content=\"article\" \/>\n<meta property=\"og:title\" content=\"Asiantuntijalle - Nainen 45+ hanke \/ ODL Liikuntaklinikka\" \/>\n<meta property=\"og:description\" content=\"Yksil\u00f6llisess\u00e4 ohjauksessa saat oman, sinua ohjaavan henkil\u00f6n. Saat opiskelu- ja ty\u00f6ohjauksen lis\u00e4ksi halutessasi my\u00f6s el\u00e4m\u00e4ntapaohjeita.\" \/>\n<meta property=\"og:url\" content=\"https:\/\/odl-production-multisite.wp-fi-3.vdk.fi\/nainen45\/asiantuntijalle\/\" \/>\n<meta property=\"og:site_name\" content=\"Nainen 45+ hanke \/ ODL Liikuntaklinikka\" \/>\n<meta property=\"article:modified_time\" content=\"2023-08-09T05:44:17+00:00\" \/>\n<meta name=\"twitter:card\" content=\"summary_large_image\" \/>\n<script type=\"application\/ld+json\" class=\"yoast-schema-graph\">{\"@context\":\"https:\/\/schema.org\",\"@graph\":[{\"@type\":\"WebPage\",\"@id\":\"https:\/\/odl-production-multisite.wp-fi-3.vdk.fi\/nainen45\/asiantuntijalle\/\",\"url\":\"https:\/\/odl-production-multisite.wp-fi-3.vdk.fi\/nainen45\/asiantuntijalle\/\",\"name\":\"Asiantuntijalle - Nainen 45+ hanke \/ ODL Liikuntaklinikka\",\"isPartOf\":{\"@id\":\"https:\/\/odl-production-multisite.wp-fi-3.vdk.fi\/nainen45\/#website\"},\"datePublished\":\"2022-02-14T12:56:40+00:00\",\"dateModified\":\"2023-08-09T05:44:17+00:00\",\"description\":\"Yksil\u00f6llisess\u00e4 ohjauksessa saat oman, sinua ohjaavan henkil\u00f6n. Saat opiskelu- ja ty\u00f6ohjauksen lis\u00e4ksi halutessasi my\u00f6s el\u00e4m\u00e4ntapaohjeita.\",\"breadcrumb\":{\"@id\":\"https:\/\/odl-production-multisite.wp-fi-3.vdk.fi\/nainen45\/asiantuntijalle\/#breadcrumb\"},\"inLanguage\":\"fi\",\"potentialAction\":[{\"@type\":\"ReadAction\",\"target\":[\"https:\/\/odl-production-multisite.wp-fi-3.vdk.fi\/nainen45\/asiantuntijalle\/\"]}]},{\"@type\":\"BreadcrumbList\",\"@id\":\"https:\/\/odl-production-multisite.wp-fi-3.vdk.fi\/nainen45\/asiantuntijalle\/#breadcrumb\",\"itemListElement\":[{\"@type\":\"ListItem\",\"position\":1,\"name\":\"Home\",\"item\":\"https:\/\/odl-production-multisite.wp-fi-3.vdk.fi\/nainen45\/\"},{\"@type\":\"ListItem\",\"position\":2,\"name\":\"Asiantuntijalle\"}]},{\"@type\":\"WebSite\",\"@id\":\"https:\/\/odl-production-multisite.wp-fi-3.vdk.fi\/nainen45\/#website\",\"url\":\"https:\/\/odl-production-multisite.wp-fi-3.vdk.fi\/nainen45\/\",\"name\":\"Nainen 45+ hanke \/ ODL Liikuntaklinikka\",\"description\":\"\",\"potentialAction\":[{\"@type\":\"SearchAction\",\"target\":{\"@type\":\"EntryPoint\",\"urlTemplate\":\"https:\/\/odl-production-multisite.wp-fi-3.vdk.fi\/nainen45\/?s={search_term_string}\"},\"query-input\":{\"@type\":\"PropertyValueSpecification\",\"valueRequired\":true,\"valueName\":\"search_term_string\"}}],\"inLanguage\":\"fi\"}]}<\/script>\n<!-- \/ Yoast SEO plugin. -->","yoast_head_json":{"title":"Asiantuntijalle - Nainen 45+ hanke \/ ODL Liikuntaklinikka","description":"Yksil\u00f6llisess\u00e4 ohjauksessa saat oman, sinua ohjaavan henkil\u00f6n. Saat opiskelu- ja ty\u00f6ohjauksen lis\u00e4ksi halutessasi my\u00f6s el\u00e4m\u00e4ntapaohjeita.","robots":{"index":"noindex","follow":"follow","max-snippet":"max-snippet:-1","max-image-preview":"max-image-preview:large","max-video-preview":"max-video-preview:-1"},"og_locale":"fi_FI","og_type":"article","og_title":"Asiantuntijalle - Nainen 45+ hanke \/ ODL Liikuntaklinikka","og_description":"Yksil\u00f6llisess\u00e4 ohjauksessa saat oman, sinua ohjaavan henkil\u00f6n. Saat opiskelu- ja ty\u00f6ohjauksen lis\u00e4ksi halutessasi my\u00f6s el\u00e4m\u00e4ntapaohjeita.","og_url":"https:\/\/odl-production-multisite.wp-fi-3.vdk.fi\/nainen45\/asiantuntijalle\/","og_site_name":"Nainen 45+ hanke \/ ODL Liikuntaklinikka","article_modified_time":"2023-08-09T05:44:17+00:00","twitter_card":"summary_large_image","schema":{"@context":"https:\/\/schema.org","@graph":[{"@type":"WebPage","@id":"https:\/\/odl-production-multisite.wp-fi-3.vdk.fi\/nainen45\/asiantuntijalle\/","url":"https:\/\/odl-production-multisite.wp-fi-3.vdk.fi\/nainen45\/asiantuntijalle\/","name":"Asiantuntijalle - Nainen 45+ hanke \/ ODL Liikuntaklinikka","isPartOf":{"@id":"https:\/\/odl-production-multisite.wp-fi-3.vdk.fi\/nainen45\/#website"},"datePublished":"2022-02-14T12:56:40+00:00","dateModified":"2023-08-09T05:44:17+00:00","description":"Yksil\u00f6llisess\u00e4 ohjauksessa saat oman, sinua ohjaavan henkil\u00f6n. Saat opiskelu- ja ty\u00f6ohjauksen lis\u00e4ksi halutessasi my\u00f6s el\u00e4m\u00e4ntapaohjeita.","breadcrumb":{"@id":"https:\/\/odl-production-multisite.wp-fi-3.vdk.fi\/nainen45\/asiantuntijalle\/#breadcrumb"},"inLanguage":"fi","potentialAction":[{"@type":"ReadAction","target":["https:\/\/odl-production-multisite.wp-fi-3.vdk.fi\/nainen45\/asiantuntijalle\/"]}]},{"@type":"BreadcrumbList","@id":"https:\/\/odl-production-multisite.wp-fi-3.vdk.fi\/nainen45\/asiantuntijalle\/#breadcrumb","itemListElement":[{"@type":"ListItem","position":1,"name":"Home","item":"https:\/\/odl-production-multisite.wp-fi-3.vdk.fi\/nainen45\/"},{"@type":"ListItem","position":2,"name":"Asiantuntijalle"}]},{"@type":"WebSite","@id":"https:\/\/odl-production-multisite.wp-fi-3.vdk.fi\/nainen45\/#website","url":"https:\/\/odl-production-multisite.wp-fi-3.vdk.fi\/nainen45\/","name":"Nainen 45+ hanke \/ ODL Liikuntaklinikka","description":"","potentialAction":[{"@type":"SearchAction","target":{"@type":"EntryPoint","urlTemplate":"https:\/\/odl-production-multisite.wp-fi-3.vdk.fi\/nainen45\/?s={search_term_string}"},"query-input":{"@type":"PropertyValueSpecification","valueRequired":true,"valueName":"search_term_string"}}],"inLanguage":"fi"}]}},"_links":{"self":[{"href":"https:\/\/odl.fi\/nainen45\/wp-json\/wp\/v2\/pages\/10","targetHints":{"allow":["GET"]}}],"collection":[{"href":"https:\/\/odl.fi\/nainen45\/wp-json\/wp\/v2\/pages"}],"about":[{"href":"https:\/\/odl.fi\/nainen45\/wp-json\/wp\/v2\/types\/page"}],"author":[{"embeddable":true,"href":"https:\/\/odl.fi\/nainen45\/wp-json\/wp\/v2\/users\/28"}],"replies":[{"embeddable":true,"href":"https:\/\/odl.fi\/nainen45\/wp-json\/wp\/v2\/comments?post=10"}],"version-history":[{"count":21,"href":"https:\/\/odl.fi\/nainen45\/wp-json\/wp\/v2\/pages\/10\/revisions"}],"predecessor-version":[{"id":2072,"href":"https:\/\/odl.fi\/nainen45\/wp-json\/wp\/v2\/pages\/10\/revisions\/2072"}],"wp:attachment":[{"href":"https:\/\/odl.fi\/nainen45\/wp-json\/wp\/v2\/media?parent=10"}],"curies":[{"name":"wp","href":"https:\/\/api.w.org\/{rel}","templated":true}]}}